{"id":3496,"date":"2017-10-06T21:56:41","date_gmt":"2017-10-06T21:56:41","guid":{"rendered":"http:\/\/mirest.com\/?page_id=3496"},"modified":"2022-07-13T18:38:49","modified_gmt":"2022-07-14T00:38:49","slug":"socios-2","status":"publish","type":"page","link":"https:\/\/www.mirest.com\/en\/socios-2\/","title":{"rendered":"Partners"},"content":{"rendered":"<p>[vc_row full_width=&#8221;stretch_row&#8221; enable_overlay=&#8221;enable_overlay_value&#8221; pattern_image=&#8221;315&#8243; css=&#8221;.vc_custom_1461085858019{padding-top: 100px !important;padding-bottom: 100px !important;}&#8221;][vc_column width=&#8221;1\/2&#8243;][vc_custom_heading text=&#8221;Partner<br \/>\n`{`tm_dione_color cl=&#8220;ndColor&#8220;`}`&#8221; font_container=&#8221;tag:h1|text_align:left|line_height:1.2em&#8221; use_theme_fonts=&#8221;yes&#8221; css=&#8221;.vc_custom_1524501795719{margin-bottom: 30px !important;}&#8221; el_class=&#8221;wow fadeInUp&#8221;][vc_single_image image=&#8221;3463&#8243; img_size=&#8221;full&#8221;][\/vc_column][vc_column width=&#8221;1\/2&#8243;][vc_custom_heading text=&#8221;CRISTINA S\u00c1NCHEZ URTIZ&#8221; font_container=&#8221;tag:h4|text_align:left&#8221; use_theme_fonts=&#8221;yes&#8221; css=&#8221;.vc_custom_1518026031513{margin-bottom: 30px !important;}&#8221; el_class=&#8221;wow fadeInUp&#8221;][vc_custom_heading text=&#8221;Partner of the Law Firm Miranda &amp; Estavillo since 1996. Ms. S\u00e1nchez-Urtiz centers her practice on tax, corporate and transactional, representing large international corporations doing business in Mexico and Central America involved in different areas of activities, among others, admiralty, oil and gas, mining and infrastructure, representing corporate groups from Latin America, United States of America, Canada, Europe and Asia. She advises clients on Mexican and treaty-based tax provisions, as well as on transfer pricing rules; foreign investment and corporate.<br \/>\nMs. S\u00e1nchez-Urtiz&#8217;s corporate practice includes legal audits, due diligence, mergers and acquisitions, corporate reorganizations, shareholder\u2019s agreements, stock sales and purchases, joint venture agreements and specialized counseling on the tax implications thereof.<br \/>\nFurther to her counseling practice, Ms. S\u00e1nchez-Urtiz is currently engaged in tax, customs and administrative litigation, including constitutional protection (amparo) litigation, before the tax and administrative authorities and courts and before the federal judicial courts.<br \/>\nMs. Sanchez-Urtiz has participated in deferent events in Latin America and Asia on legal aspects to invest in Mexico. Ms. Sanchez-Urtiz has been selected by her peers for inclusion in the Ninth Edition of The Best Lawyers\u00ae in Mexico for her work in Tax Law.<br \/>\nMiss S\u00e1nchez-Urtiz is member of Mexican Bar Association, Mexican Group of International Fiscal Association (IFA), International Chamber of Commerce and China Chamber of Commerce and Technology Mexico.&#8221; font_container=&#8221;tag:div|text_align:justify&#8221; use_theme_fonts=&#8221;yes&#8221; el_class=&#8221;wow fadeInUp delay-200&#8243;][\/vc_column][\/vc_row][vc_row full_width=&#8221;stretch_row&#8221; enable_overlay=&#8221;enable_overlay_value&#8221; pattern_image=&#8221;315&#8243; css=&#8221;.vc_custom_1461085858019{padding-top: 100px !important;padding-bottom: 100px !important;}&#8221;][vc_column width=&#8221;1\/2&#8243;][vc_custom_heading text=&#8221;Partner&#8221; font_container=&#8221;tag:h1|text_align:left|line_height:1.2em&#8221; use_theme_fonts=&#8221;yes&#8221; css=&#8221;.vc_custom_1513713906378{margin-bottom: 30px !important;}&#8221; el_class=&#8221;wow fadeInUp&#8221;][vc_single_image image=&#8221;3197&#8243; img_size=&#8221;full&#8221;][\/vc_column][vc_column width=&#8221;1\/2&#8243;][vc_custom_heading text=&#8221;ARMANDO S\u00c1NCHEZ URTIZ&#8221; font_container=&#8221;tag:h4|text_align:left&#8221; use_theme_fonts=&#8221;yes&#8221; css=&#8221;.vc_custom_1518026051062{margin-bottom: 30px !important;}&#8221; el_class=&#8221;wow fadeInUp&#8221;][vc_custom_heading text=&#8221;Mr. Armando S\u00e1nchez-Urtiz obtained his Law Degree from the Universidad Nacional Aut\u00f3noma de M\u00e9xico (UNAM) in 1970 with the thesis \u201cThe Suspension in the Indirect Amparo Proceedings.\u201d With more than 40 years of experience in the private and public sector, Mr. S\u00e1nchez-Urtiz starts his professional work in different law firms and private companies focus his practice in counseling, litigation and amparo procedings, basically in the administrative, civil, mercantile and labor, among others.<br \/>\nIn the private sector, Mr. S\u00e1nchez-Urtiz has collaborated in different law firms, such as,<br \/>\nIba\u00f1ez, Bunt y Zamora; Goodrich y Riquelme; Mart\u00ednez Laffan y Comella; Bryan Gonz\u00e1lez Vargas, among others, as well as in the law departments of companies like Servicios profesionales Construcci\u00f3n; Servicios Profesionales Ingenieria; Omni Construcciones and Grupo Argos.<br \/>\nIn the public sector, Mr. S\u00e1nchez-Urtiz performed his professional activity for 15 years in the Banco Nacional de Obras y Servicios P\u00fablicos (BANOBRAS) in the legal and trust divisions in counseling and litigation. Thereafter, Mr. S\u00e1nchez-Urtiz worked in the legal- counseling divisions of the corporate area of Petr\u00f3leos Mexicanos.<br \/>\nMr. S\u00e1nchez- Urtiz collaborated in the National Commission for the Protection and Defense of the Financial Services Users (CONDUSEF) in the conciliation, arbitration, public procurement, counseling and litigation, basically in the bank and insurance areas. In addition, Mr. S\u00e1nchez-Urtiz participated at Mexican National Railroads during the extinction period in the regularization real property division, labor litigation and Amparo proceedings. Likewise, Mr. S\u00e1nchez-Urtiz Acted as Legal Affairs General Director and Consultant of the Chairman of the Federal Court of Administrative Justice, formerly, Federal Fiscal and Administrative Justice Court.&#8221; font_container=&#8221;tag:div|text_align:justify&#8221; use_theme_fonts=&#8221;yes&#8221; el_class=&#8221;wow fadeInUp delay-200&#8243;][\/vc_column][\/vc_row][vc_row][vc_column width=&#8221;1\/2&#8243;][vc_custom_heading text=&#8221;Partner&#8221; font_container=&#8221;tag:h1|text_align:left|line_height:1.2em&#8221; use_theme_fonts=&#8221;yes&#8221; css=&#8221;.vc_custom_1513713906378{margin-bottom: 30px !important;}&#8221; el_class=&#8221;wow fadeInUp&#8221;][vc_single_image image=&#8221;4987&#8243; img_size=&#8221;full&#8221;][\/vc_column][vc_column width=&#8221;1\/2&#8243;][vc_custom_heading text=&#8221;GERARDO RODR\u00cdGUEZ MONTES DE OCA&#8221; font_container=&#8221;tag:h4|text_align:left&#8221; use_theme_fonts=&#8221;yes&#8221; css=&#8221;.vc_custom_1634245744927{margin-bottom: 30px !important;}&#8221; el_class=&#8221;wow fadeInUp&#8221;][vc_custom_heading text=&#8221;Gerardo Rodr\u00edguez Montes de Oca is currently the partner in the labor \/ social security and immigration area of Miranda &amp; Estavillo S. C., a Mexican law firm with more than 47 years attending national and foreign clients in their businesses in Mexico.<\/p>\n<p>He is a graduate the Universidad Intercontinental (Mexico), with a specialty in Labor Relations and a master&#8217;s degree in Labor Law from the Instituto de Posgrado en Derecho.<\/p>\n<p>With a professional practice of more than 15 years, he began his professional practice in different distinguished law firms in Mexico, as well as in Grupo Financiero Scotiabank, mainly in consulting, litigation, in the areas of labor law, social security and immigration.<\/p>\n<p>His practice is focused on the litigation of labor claims, management of labor regulations, advice on labor matters, teaching courses on labor matters to company officials, attention to labor inspections issued by the labor authorities of Mexico, application of terminations of labor relationships, negotiations of severance of employees, union coordination through different labor unions, among others.<\/p>\n<p>He has been a speaker in different forums such as the webinar organized by Thomson Reuters: &#8220;Subcontracting Reform, Challenges for legal management and how to deal with them&#8220;; Seminar &#8220;Mexico: Practical Aspects RH &amp; Mobility&#8220; in Madrid, Spain; Seminar &#8220;Leaders in Human Resources&#8220; organized by Conference Management, among others.&#8221; font_container=&#8221;tag:div|text_align:justify&#8221; use_theme_fonts=&#8221;yes&#8221; el_class=&#8221;wow fadeInUp delay-200&#8243;][\/vc_column][\/vc_row][vc_row][vc_column][vc_custom_heading text=&#8221;&#8221; font_container=&#8221;tag:h1|text_align:left|line_height:1.2em&#8221; use_theme_fonts=&#8221;yes&#8221; css=&#8221;.vc_custom_1634248968056{margin-bottom: 30px !important;}&#8221; el_class=&#8221;wow fadeInUp&#8221;][\/vc_column][\/vc_row][vc_row][vc_column width=&#8221;1\/2&#8243;][vc_custom_heading text=&#8221;Partner&#8221; font_container=&#8221;tag:h1|text_align:left|line_height:1.2em&#8221; use_theme_fonts=&#8221;yes&#8221; css=&#8221;.vc_custom_1513713906378{margin-bottom: 30px !important;}&#8221; el_class=&#8221;wow fadeInUp&#8221;][vc_single_image image=&#8221;5059&#8243; img_size=&#8221;full&#8221;][\/vc_column][vc_column width=&#8221;1\/2&#8243;][vc_custom_heading text=&#8221;BENEDICTO A. ZAPATA&#8221; font_container=&#8221;tag:h4|text_align:left&#8221; use_theme_fonts=&#8221;yes&#8221; css=&#8221;.vc_custom_1657758778342{margin-bottom: 30px !important;}&#8221; el_class=&#8221;wow fadeInUp&#8221;][vc_custom_heading text=&#8221;Mr. Benedicto Zapata is a graduate of the prestigious Escuela Libre de Derecho, located in Mexico City, where he graduated in 1993 with honors for the thesis presented. Mr. Zapata also obtained an LL.M from Northwestern University Pritzker School of Law in Chicago, Illinois, USA. in 1998.<\/p>\n<p>Mr. Zapata has focused his professional practice in the corporate and contractual area, working for many years for independent law firms and as in-house Counsel. Among other positions, he was in-house corporate lawyer for TV Azteca. He was also General Counsel for Latin America in GMAC Auritec, S.A., which was a subsidiary of the financial area of General Motors.<\/p>\n<p>Mr. Zapata&#8217;s career goes beyond the practice of law, as he has had the opportunity to work in regulatory and compliance assurance matters with the government of the Province of Alberta in Canada, where he worked for 8 years with the Alberta Energy Regulator (Alberta\u2019s oil and gas regulatory agency) and held positions as Compliance Assurance Advisor and Compliance Officer.&#8221; font_container=&#8221;tag:div|text_align:justify&#8221; use_theme_fonts=&#8221;yes&#8221; el_class=&#8221;wow fadeInUp delay-200&#8243;][\/vc_column][\/vc_row]<\/p>","protected":false},"excerpt":{"rendered":"<p>[vc_row full_width=&#8221;stretch_row&#8221; enable_overlay=&#8221;enable_overlay_value&#8221; pattern_image=&#8221;315&#8243; css=&#8221;.vc_custom_1461085858019{padding-top: 100px !important;padding-bottom: 100px !important;}&#8221;][vc_column width=&#8221;1\/2&#8243;][vc_custom_heading text=&#8221;Partner `{`tm_dione_color cl=&#8220;ndColor&#8220;`}`&#8221; font_container=&#8221;tag:h1|text_align:left|line_height:1.2em&#8221; use_theme_fonts=&#8221;yes&#8221; css=&#8221;.vc_custom_1524501795719{margin-bottom: 30px !important;}&#8221; el_class=&#8221;wow fadeInUp&#8221;][vc_single_image image=&#8221;3463&#8243; img_size=&#8221;full&#8221;][\/vc_column][vc_column width=&#8221;1\/2&#8243;][vc_custom_heading text=&#8221;CRISTINA S\u00c1NCHEZ URTIZ&#8221; font_container=&#8221;tag:h4|text_align:left&#8221; use_theme_fonts=&#8221;yes&#8221; css=&#8221;.vc_custom_1518026031513{margin-bottom: 30px !important;}&#8221; el_class=&#8221;wow fadeInUp&#8221;][vc_custom_heading text=&#8221;Partner of the Law Firm Miranda &amp; Estavillo since 1996. Ms. S\u00e1nchez-Urtiz centers her practice on tax, corporate and transactional, representing large [&hellip;]<\/p>\n","protected":false},"author":1,"featured_media":0,"parent":0,"menu_order":0,"comment_status":"closed","ping_status":"closed","template":"","meta":{"footnotes":""},"class_list":["post-3496","page","type-page","status-publish","hentry"],"_links":{"self":[{"href":"https:\/\/www.mirest.com\/en\/wp-json\/wp\/v2\/pages\/3496"}],"collection":[{"href":"https:\/\/www.mirest.com\/en\/wp-json\/wp\/v2\/pages"}],"about":[{"href":"https:\/\/www.mirest.com\/en\/wp-json\/wp\/v2\/types\/page"}],"author":[{"embeddable":true,"href":"https:\/\/www.mirest.com\/en\/wp-json\/wp\/v2\/users\/1"}],"replies":[{"embeddable":true,"href":"https:\/\/www.mirest.com\/en\/wp-json\/wp\/v2\/comments?post=3496"}],"version-history":[{"count":55,"href":"https:\/\/www.mirest.com\/en\/wp-json\/wp\/v2\/pages\/3496\/revisions"}],"predecessor-version":[{"id":5067,"href":"https:\/\/www.mirest.com\/en\/wp-json\/wp\/v2\/pages\/3496\/revisions\/5067"}],"wp:attachment":[{"href":"https:\/\/www.mirest.com\/en\/wp-json\/wp\/v2\/media?parent=3496"}],"curies":[{"name":"wp","href":"https:\/\/api.w.org\/{rel}","templated":true}]}}