{"id":2861,"date":"2017-07-20T22:23:37","date_gmt":"2017-07-20T22:23:37","guid":{"rendered":"http:\/\/mirest.com\/?page_id=2861"},"modified":"2020-02-27T16:11:39","modified_gmt":"2020-02-27T16:11:39","slug":"perfil","status":"publish","type":"page","link":"https:\/\/www.mirest.com\/es\/perfil\/","title":{"rendered":"Perfil"},"content":{"rendered":"<p><\/p>\n<p>[vc_row full_width=\u00bbstretch_row\u00bb el_class=\u00bbpadding-x-200-lg\u00bb css=\u00bb.vc_custom_1503330196928{margin-top: -35px !important;margin-bottom: 90px !important;}\u00bb][vc_column width=\u00bb1\/2&#8243; bg_type=\u00bbimage\u00bb bg_image_new=\u00bb1243&#8243; enable_overlay=\u00bbenable_overlay_value\u00bb overlay_style=\u00bbstBg\u00bb overlay_opacity=\u00bb85&#8243; el_class=\u00bbmw-700 wow fadeInUp\u00bb css=\u00bb.vc_custom_1468315487958{padding-top: 150px !important;padding-right: 100px !important;padding-bottom: 150px !important;padding-left: 100px !important;}\u00bb][vc_custom_heading text=\u00bbMiranda &amp; Estavillo es una firma de abogados fundada en 1974.\u00bb font_container=\u00bbtag:h2|text_align:left|color:%23ffffff\u00bb use_theme_fonts=\u00bbyes\u00bb css=\u00bb.vc_custom_1538408339440{margin-bottom: 50px !important;}\u00bb][vc_custom_heading text=\u00bbOfrece a sus clientes servicios legales integrales.\u00bb font_container=\u00bbtag:div|text_align:left|color:%23ffffff\u00bb use_theme_fonts=\u00bbyes\u00bb css=\u00bb.vc_custom_1538408352336{margin-bottom: 50px !important;}\u00bb][button type=\u00bb\u00bb style=\u00bbbtn-bg-white-color\u00bb button_link=\u00bburl:%23|title:AREAS%20DE%20PRACTICA|target:%20_blank|\u00bb margin=\u00bb0 20px 20px 0&#8243;][button type=\u00bb\u00bb style=\u00bbbtn-border-white\u00bb button_link=\u00bburl:%23|title:SOCIOS|target:%20_blank|\u00bb][\/vc_column][vc_column width=\u00bb1\/2&#8243; css=\u00bb.vc_custom_1466591661446{padding-top: 120px !important;padding-bottom: 80px !important;padding-left: 100px !important;}\u00bb][vc_custom_heading text=\u00bb\u00abNuestra fortaleza se basa en la atenci\u00f3n personalizada, dirigida a satisfacer las necesidades de nuestros clientes de manera oportuna y eficiente, en un marco de valores \u00e9ticos fundamentales, con respecto a la ley, la excelencia, la lealtad y el compromiso\u00ab.\u00bb font_container=\u00bbtag:h3|text_align:left|line_height:1.5em\u00bb use_theme_fonts=\u00bbyes\u00bb el_class=\u00bbwow fadeInUp\u00bb][\/vc_column][\/vc_row][vc_row full_width=\u00bbstretch_row\u00bb bg_type=\u00bbbg_color\u00bb bg_solid_color=\u00bb#fbfbfb\u00bb enable_overlay=\u00bbenable_overlay_value\u00bb pattern_image=\u00bb315&#8243; overlay_opacity=\u00bb100&#8243; css=\u00bb.vc_custom_1461211764415{margin-bottom: 0px !important;padding-top: 100px !important;padding-bottom: 100px !important;}\u00bb][vc_column width=\u00bb1\/4&#8243; el_class=\u00bbwow fadeInUp\u00bb][counter element_tag=\u00bb\u00bb counter_value=\u00bb45&#8243; counter_title=\u00bbYEARS\u00bb][\/vc_column][vc_column width=\u00bb1\/4&#8243; el_class=\u00bbwow fadeInUp delay-200&#8243;][counter element_tag=\u00bb\u00bb counter_value=\u00bb540&#8243; counter_title=\u00bbMONTHS\u00bb][\/vc_column][vc_column width=\u00bb1\/4&#8243; el_class=\u00bbwow fadeInUp delay-400&#8243;][counter element_tag=\u00bb\u00bb counter_value=\u00bb16425&#8243; counter_title=\u00bbDAYS\u00bb][\/vc_column][vc_column width=\u00bb1\/4&#8243; el_class=\u00bbwow fadeInUp delay-600&#8243;][counter element_tag=\u00bb\u00bb counter_value=\u00bb394200&#8243; counter_title=\u00bbHOURS AT THE SERVICE OF OUR CLIENTS\u00bb][\/vc_column][\/vc_row][vc_row full_width=\u00bbstretch_row\u00bb bg_type=\u00bbimage\u00bb bg_image_new=\u00bb3301&#8243; css=\u00bb.vc_custom_1504723797624{margin-bottom: 0px !important;padding-top: 100px !important;padding-bottom: 100px !important;}\u00bb][vc_column width=\u00bb2\/3&#8243; offset=\u00bbvc_col-lg-offset-2 vc_col-lg-8 vc_col-md-offset-0 vc_col-md-12&#8243; el_class=\u00bbwow fadeInUp\u00bb][vc_custom_heading text=\u00bbAsesoramos a empresas nacionales y multinacionales con operaciones en todo el mundo.\u00bb font_container=\u00bbtag:div|font_size:20|text_align:center|color:%23ffffff\u00bb use_theme_fonts=\u00bbyes\u00bb css=\u00bb.vc_custom_1538408470459{margin-top: 30px !important;margin-bottom: 30px !important;}\u00bb el_class=\u00bbwow fadeInUp delay-200&#8243;][\/vc_column][\/vc_row][vc_row full_width=\u00bbstretch_row\u00bb enable_overlay=\u00bbenable_overlay_value\u00bb pattern_image=\u00bb315&#8243; css=\u00bb.vc_custom_1461083895935{padding-top: 100px !important;padding-bottom: 100px !important;}\u00bb][vc_column offset=\u00bbvc_col-lg-offset-2 vc_col-lg-8 vc_col-md-offset-0 vc_col-md-12&#8243;][vc_custom_heading text=\u00bb\u00bfNecesita m\u00e1s informaci\u00f3n?\u00bb font_container=\u00bbtag:h1|text_align:center\u00bb use_theme_fonts=\u00bbyes\u00bb el_class=\u00bbwow fadeInUp\u00bb][vc_custom_heading text=\u00bbSolicite una cita con nosotros o env\u00edenos su consulta por tel\u00e9fono o correo electr\u00f3nico, estamos aqu\u00ed para servirle.\u00bb font_container=\u00bbtag:div|text_align:center\u00bb use_theme_fonts=\u00bbyes\u00bb css=\u00bb.vc_custom_1538408509461{margin-top: 30px !important;margin-bottom: 30px !important;}\u00bb el_class=\u00bbwow fadeInUp delay-200&#8243;][button display=\u00bbblock\u00bb align=\u00bbcenter\u00bb type=\u00bb\u00bb style=\u00bbbtn-border-black\u00bb button_link=\u00bburl:http%3A%2F%2Fmirest.com%2Fpages%2Fcontacto%2F|title:CONTACTO||\u00bb el_class=\u00bbwow fadeInUp delay-400&#8243;][\/vc_column][\/vc_row]<\/p>\n<p><\/p>","protected":false},"excerpt":{"rendered":"<p>[vc_row full_width=\u00bbstretch_row\u00bb el_class=\u00bbpadding-x-200-lg\u00bb css=\u00bb.vc_custom_1503330196928{margin-top: -35px !important;margin-bottom: 90px !important;}\u00bb][vc_column width=\u00bb1\/2&#8243; bg_type=\u00bbimage\u00bb bg_image_new=\u00bb1243&#8243; enable_overlay=\u00bbenable_overlay_value\u00bb overlay_style=\u00bbstBg\u00bb overlay_opacity=\u00bb85&#8243; el_class=\u00bbmw-700 wow fadeInUp\u00bb css=\u00bb.vc_custom_1468315487958{padding-top: 150px !important;padding-right: 100px !important;padding-bottom: 150px !important;padding-left: 100px !important;}\u00bb][vc_custom_heading text=\u00bbMiranda &amp; Estavillo es una firma de abogados fundada en 1974.\u00bb font_container=\u00bbtag:h2|text_align:left|color:%23ffffff\u00bb use_theme_fonts=\u00bbyes\u00bb css=\u00bb.vc_custom_1538408339440{margin-bottom: 50px !important;}\u00bb][vc_custom_heading text=\u00bbOfrece a sus clientes servicios legales integrales.\u00bb font_container=\u00bbtag:div|text_align:left|color:%23ffffff\u00bb use_theme_fonts=\u00bbyes\u00bb css=\u00bb.vc_custom_1538408352336{margin-bottom: 50px !important;}\u00bb][button type=\u00bb\u00bb [&hellip;]<\/p>\n","protected":false},"author":1,"featured_media":0,"parent":0,"menu_order":0,"comment_status":"closed","ping_status":"closed","template":"","meta":{"footnotes":""},"class_list":["post-2861","page","type-page","status-publish","hentry"],"_links":{"self":[{"href":"https:\/\/www.mirest.com\/es\/wp-json\/wp\/v2\/pages\/2861"}],"collection":[{"href":"https:\/\/www.mirest.com\/es\/wp-json\/wp\/v2\/pages"}],"about":[{"href":"https:\/\/www.mirest.com\/es\/wp-json\/wp\/v2\/types\/page"}],"author":[{"embeddable":true,"href":"https:\/\/www.mirest.com\/es\/wp-json\/wp\/v2\/users\/1"}],"replies":[{"embeddable":true,"href":"https:\/\/www.mirest.com\/es\/wp-json\/wp\/v2\/comments?post=2861"}],"version-history":[{"count":80,"href":"https:\/\/www.mirest.com\/es\/wp-json\/wp\/v2\/pages\/2861\/revisions"}],"predecessor-version":[{"id":4923,"href":"https:\/\/www.mirest.com\/es\/wp-json\/wp\/v2\/pages\/2861\/revisions\/4923"}],"wp:attachment":[{"href":"https:\/\/www.mirest.com\/es\/wp-json\/wp\/v2\/media?parent=2861"}],"curies":[{"name":"wp","href":"https:\/\/api.w.org\/{rel}","templated":true}]}}