{"id":3399,"date":"2017-09-29T16:12:11","date_gmt":"2017-09-29T16:12:11","guid":{"rendered":"http:\/\/mirest.com\/?page_id=3399"},"modified":"2018-10-01T16:52:56","modified_gmt":"2018-10-01T16:52:56","slug":"afiliaciones","status":"publish","type":"page","link":"https:\/\/www.mirest.com\/es\/afiliaciones\/","title":{"rendered":"Afiliaciones"},"content":{"rendered":"<p><\/p>\n<p>[vc_row full_width=\u00bbstretch_row\u00bb bg_type=\u00bbbg_color\u00bb enable_overlay=\u00bbenable_overlay_value\u00bb overlay_style=\u00bbcustom_solid_color\u00bb pattern_image=\u00bb315&#8243; overlay_opacity=\u00bb30&#8243; css=\u00bb.vc_custom_1506702410867{padding-top: 200px !important;padding-bottom: 200px !important;background-color: #000000 !important;}\u00bb][vc_column][svg svg_icon=\u00bbsvg01&#8243; custom_class=\u00bbwow fadeInUp\u00bb css=\u00bb.vc_custom_1506702171638{margin-bottom: 30px !important;}\u00bb][vc_custom_heading text=\u00bbTenemos alianzas con otras firmas y `{`tm_dione_color cl=\u00abndColor\u00ab`}`colaboradores profesionales,`{`\/tm_dione_color`}`\u00bb font_container=\u00bbtag:h1|font_size:60px|text_align:center|color:%23ffffff|line_height:1em\u00bb use_theme_fonts=\u00bbyes\u00bb el_class=\u00bbwow fadeInUp\u00bb css=\u00bb.vc_custom_1506702263943{margin-bottom: 40px !important;}\u00bb][vc_custom_heading text=\u00bbpermiti\u00e9ndonos realizar operaciones diversas y atender clientes alrededor del mundo.\u00bb font_container=\u00bbtag:div|text_align:center\u00bb use_theme_fonts=\u00bbyes\u00bb el_class=\u00bbwow fadeInUp\u00bb][\/vc_column][\/vc_row][vc_row css=\u00bb.vc_custom_1506702490438{margin-top: 100px !important;margin-bottom: 100px !important;}\u00bb][vc_column width=\u00bb1\/2&#8243;][vc_single_image image=\u00bb3056&#8243; img_size=\u00bbfull\u00bb][\/vc_column][vc_column width=\u00bb1\/2&#8243;][vc_empty_space][vc_custom_heading text=\u00bbMiranda &#038; Estavillo, S.C. y Duane Morris LLP, llegan a un acuerdo para formalizar su relaci\u00f3n cooperativa.\u00bb font_container=\u00bbtag:div|text_align:justify\u00bb use_theme_fonts=\u00bbyes\u00bb el_class=\u00bbwow fadeInRight\u00bb][vc_empty_space][vc_custom_heading text=\u00bbwww.duanemorris.com\u00bb font_container=\u00bbtag:div|font_size:17|text_align:left|color:%23064476&#8243; use_theme_fonts=\u00bbyes\u00bb el_class=\u00bbwow fadeInRight\u00bb][\/vc_column][\/vc_row][vc_row full_width=\u00bbstretch_row\u00bb enable_overlay=\u00bbenable_overlay_value\u00bb overlay_style=\u00bbcustom_solid_color\u00bb pattern_image=\u00bb315&#8243; overlay_opacity=\u00bb30&#8243; css=\u00bb.vc_custom_1506702874245{padding-top: 50px !important;padding-bottom: 70px !important;background-color: #e0e0e0 !important;}\u00bb][vc_column offset=\u00bbvc_col-lg-offset-1 vc_col-lg-10 vc_col-md-offset-0 vc_col-md-12&#8243;][svg svg_icon=\u00bbsvg01&#8243; custom_class=\u00bbwow fadeInUp\u00bb css=\u00bb.vc_custom_1506702918269{margin-bottom: 30px !important;}\u00bb][vc_custom_heading text=\u00bbMiranda &#038; Estavillo, S.C., ha llegado a un acuerdo con la firma internacional de abogados Duane Morris LLP para crear una alianza. El acuerdo formaliza y refuerza una relaci\u00f3n de referencias y vinculaci\u00f3n que las dos firmas tienen desde hace mucho tiempo. Las firmas han brindado a sus clientes asesor\u00eda jur\u00eddica sobre asuntos legales de los Estados Unidos y M\u00e9xico, particularmente en el \u00e1rea de transacciones corporativas internacionales. Las firmas ofrecer\u00e1n ahora a los clientes un mayor alcance geogr\u00e1fico y fortaleza en servicios legales sobre asuntos internacionales.\u00bb font_container=\u00bbtag:div|text_align:center|color:%237a7a7a\u00bb use_theme_fonts=\u00bbyes\u00bb el_class=\u00bbwow fadeInUp\u00bb css=\u00bb.vc_custom_1506703059889{margin-bottom: 20px !important;}\u00bb][\/vc_column][\/vc_row][vc_row css=\u00bb.vc_custom_1506703256876{margin-top: 130px !important;margin-bottom: 130px !important;}\u00bb][vc_column width=\u00bb1\/3&#8243;][icon_with_text element_tag=\u00bb\u00bb text_align=\u00bb\u00bb style=\u00bb\u00bb type=\u00bbfont-icons\u00bb icon_type=\u00bbpe7stroke\u00bb process_enable=\u00bbprocess_enable_value\u00bb title_line_enable=\u00bbtitle_line_enable_value\u00bb title=\u00bbSERVICIO\u00bb custom_class=\u00bbwow fadeInUp\u00bb text_order=\u00bb1&#8243; process_text_color=\u00bb#63859b\u00bb css=\u00bb.vc_custom_1506703385240{margin-bottom: 20px !important;}\u00bb][\/vc_column][vc_column width=\u00bb1\/3&#8243;][icon_with_text element_tag=\u00bb\u00bb text_align=\u00bb\u00bb style=\u00bb\u00bb type=\u00bbfont-icons\u00bb icon_type=\u00bbpe7stroke\u00bb process_enable=\u00bbprocess_enable_value\u00bb title_line_enable=\u00bbtitle_line_enable_value\u00bb title=\u00bbCOMPROMISO\u00bb custom_class=\u00bbwow fadeInUp\u00bb text_order=\u00bb2&#8243; process_text_color=\u00bb#63859b\u00bb css=\u00bb.vc_custom_1506703472807{margin-bottom: 20px !important;}\u00bb][\/vc_column][vc_column width=\u00bb1\/3&#8243;][icon_with_text element_tag=\u00bb\u00bb text_align=\u00bb\u00bb style=\u00bb\u00bb type=\u00bbfont-icons\u00bb icon_type=\u00bbpe7stroke\u00bb process_enable=\u00bbprocess_enable_value\u00bb title_line_enable=\u00bbtitle_line_enable_value\u00bb title=\u00bbINTEGRIDAD\u00bb custom_class=\u00bbwow fadeInUp\u00bb text_order=\u00bb3&#8243; process_text_color=\u00bb#63859b\u00bb css=\u00bb.vc_custom_1506703505056{margin-bottom: 20px !important;}\u00bb][\/vc_column][\/vc_row][vc_row full_width=\u00bbstretch_row\u00bb bg_type=\u00bbbg_color\u00bb enable_overlay=\u00bbenable_overlay_value\u00bb overlay_style=\u00bbcustom_solid_color\u00bb pattern_image=\u00bb315&#8243; overlay_opacity=\u00bb30&#8243; css=\u00bb.vc_custom_1506703610277{padding-top: 80px !important;padding-bottom: 80px !important;background-color: #000000 !important;}\u00bb][vc_column][svg svg_icon=\u00bbsvg01&#8243; custom_class=\u00bbwow fadeInUp\u00bb css=\u00bb.vc_custom_1506702171638{margin-bottom: 30px !important;}\u00bb][vc_custom_heading text=\u00bbSuscripciones vigentes\u00bb font_container=\u00bbtag:h1|font_size:40px|text_align:center|color:%23ffffff|line_height:1em\u00bb use_theme_fonts=\u00bbyes\u00bb el_class=\u00bbwow fadeInUp\u00bb css=\u00bb.vc_custom_1506703597509{margin-bottom: 40px !important;}\u00bb][\/vc_column][\/vc_row][vc_row css=\u00bb.vc_custom_1466593047217{margin-bottom: 70px !important;}\u00bb][vc_column][vc_empty_space height=\u00bb100&#8243;][carousel slides_per_row=\u00bb6&#8243; images=\u00bb4058,4059,4060,4061,4062,4063&#8243; img_size=\u00bb\u00bb][\/vc_column][\/vc_row]<\/p>\n<p><\/p>","protected":false},"excerpt":{"rendered":"<p>[vc_row full_width=\u00bbstretch_row\u00bb bg_type=\u00bbbg_color\u00bb enable_overlay=\u00bbenable_overlay_value\u00bb overlay_style=\u00bbcustom_solid_color\u00bb pattern_image=\u00bb315&#8243; overlay_opacity=\u00bb30&#8243; css=\u00bb.vc_custom_1506702410867{padding-top: 200px !important;padding-bottom: 200px !important;background-color: #000000 !important;}\u00bb][vc_column][svg svg_icon=\u00bbsvg01&#8243; custom_class=\u00bbwow fadeInUp\u00bb css=\u00bb.vc_custom_1506702171638{margin-bottom: 30px !important;}\u00bb][vc_custom_heading text=\u00bbTenemos alianzas con otras firmas y `{`tm_dione_color cl=\u00abndColor\u00ab`}`colaboradores profesionales,`{`\/tm_dione_color`}`\u00bb font_container=\u00bbtag:h1|font_size:60px|text_align:center|color:%23ffffff|line_height:1em\u00bb use_theme_fonts=\u00bbyes\u00bb el_class=\u00bbwow fadeInUp\u00bb css=\u00bb.vc_custom_1506702263943{margin-bottom: 40px !important;}\u00bb][vc_custom_heading text=\u00bbpermiti\u00e9ndonos realizar operaciones diversas y atender clientes alrededor del mundo.\u00bb font_container=\u00bbtag:div|text_align:center\u00bb use_theme_fonts=\u00bbyes\u00bb el_class=\u00bbwow fadeInUp\u00bb][\/vc_column][\/vc_row][vc_row css=\u00bb.vc_custom_1506702490438{margin-top: 100px !important;margin-bottom: 100px !important;}\u00bb][vc_column [&hellip;]<\/p>\n","protected":false},"author":1,"featured_media":0,"parent":0,"menu_order":0,"comment_status":"closed","ping_status":"closed","template":"","meta":{"footnotes":""},"class_list":["post-3399","page","type-page","status-publish","hentry"],"_links":{"self":[{"href":"https:\/\/www.mirest.com\/es\/wp-json\/wp\/v2\/pages\/3399"}],"collection":[{"href":"https:\/\/www.mirest.com\/es\/wp-json\/wp\/v2\/pages"}],"about":[{"href":"https:\/\/www.mirest.com\/es\/wp-json\/wp\/v2\/types\/page"}],"author":[{"embeddable":true,"href":"https:\/\/www.mirest.com\/es\/wp-json\/wp\/v2\/users\/1"}],"replies":[{"embeddable":true,"href":"https:\/\/www.mirest.com\/es\/wp-json\/wp\/v2\/comments?post=3399"}],"version-history":[{"count":18,"href":"https:\/\/www.mirest.com\/es\/wp-json\/wp\/v2\/pages\/3399\/revisions"}],"predecessor-version":[{"id":4668,"href":"https:\/\/www.mirest.com\/es\/wp-json\/wp\/v2\/pages\/3399\/revisions\/4668"}],"wp:attachment":[{"href":"https:\/\/www.mirest.com\/es\/wp-json\/wp\/v2\/media?parent=3399"}],"curies":[{"name":"wp","href":"https:\/\/api.w.org\/{rel}","templated":true}]}}