{"id":3537,"date":"2017-10-10T17:15:40","date_gmt":"2017-10-10T17:15:40","guid":{"rendered":"http:\/\/mirest.com\/?page_id=3537"},"modified":"2018-02-23T16:37:35","modified_gmt":"2018-02-23T16:37:35","slug":"fiscal","status":"publish","type":"page","link":"https:\/\/www.mirest.com\/es\/fiscal\/","title":{"rendered":"Fiscal"},"content":{"rendered":"<p>[vc_row full_width=\u00bbstretch_row\u00bb bg_type=\u00bbimage\u00bb bg_image_new=\u00bb785&#8243; enable_overlay=\u00bbenable_overlay_value\u00bb overlay_style=\u00bbndBg\u00bb overlay_opacity=\u00bb90&#8243; css=\u00bb.vc_custom_1461091692743{margin-bottom: 0px !important;padding-top: 220px !important;padding-bottom: 220px !important;}\u00bb][vc_column][vc_custom_heading text=\u00bbFiscal\u00bb font_container=\u00bbtag:h1|font_size:60px|text_align:center|color:%23ffffff|line_height:1em\u00bb use_theme_fonts=\u00bbyes\u00bb][\/vc_column][\/vc_row][vc_row full_width=\u00bbstretch_row\u00bb css=\u00bb.vc_custom_1461091741107{margin-bottom: 0px !important;padding-top: 50px !important;padding-bottom: 50px !important;background-color: #f4f4f4 !important;}\u00bb][vc_column width=\u00bb2\/3&#8243;][vc_custom_heading text=\u00bbLa materia fiscal es una de las ramas de derecho de mayor complejidad, sofisticaci\u00f3n y dinamismo tanto a nivel nacional como en el \u00e1mbito internacional.<\/p>\n<p>M\u00e9xico ha tenido una participaci\u00f3n muy activa en los a\u00f1os recientes como miembro de la OCDE en la constante actualizaci\u00f3n de la normativa internacional en materia fiscal.<\/p>\n<p>Miranda &amp; Estavillo, tiene una intensa pr\u00e1ctica fiscal que incluye el dise\u00f1o de la estructura m\u00e1s eficiente tanto de una transacci\u00f3n como de la forma de iniciar e implementar el veh\u00edculo societario m\u00e1s eficiente, la contrataci\u00f3n con terceros no relacionados en contratos inter-compa\u00f1\u00edas entre otros.<\/p>\n<p>Asimismo, Miranda &amp; Estavillo practica auditor\u00edas legales, asiste a sus clientes en la relaci\u00f3n con las autoridades, ya sea para la atenci\u00f3n de un asunto administrativo, obtenci\u00f3n de resoluciones particulares, confirmaci\u00f3n de criterios, recursos administrativos, entre otros.<\/p>\n<p>De igual forma atendemos litigios fiscales, en todas sus instancias, as\u00ed como acuerdos conclusivos.<br \/>\n\u00bb font_container=\u00bbtag:div|text_align:justify\u00bb use_theme_fonts=\u00bbyes\u00bb][call_to_action element_tag=\u00bbh3&#8243; button_style=\u00bbbtn-border-black\u00bb align=\u00bbleft\u00bb button_link=\u00bburl:http%3A%2F%2Fmirest.com%2Fpages%2Fcontacto|title:Cont%C3%A1ctenos||\u00bb][\/call_to_action][\/vc_column][vc_column width=\u00bb1\/3&#8243;][vc_single_image image=\u00bb3457&#8243; img_size=\u00bbfull\u00bb][\/vc_column][\/vc_row]<\/p>","protected":false},"excerpt":{"rendered":"<p>[vc_row full_width=\u00bbstretch_row\u00bb bg_type=\u00bbimage\u00bb bg_image_new=\u00bb785&#8243; enable_overlay=\u00bbenable_overlay_value\u00bb overlay_style=\u00bbndBg\u00bb overlay_opacity=\u00bb90&#8243; css=\u00bb.vc_custom_1461091692743{margin-bottom: 0px !important;padding-top: 220px !important;padding-bottom: 220px !important;}\u00bb][vc_column][vc_custom_heading text=\u00bbFiscal\u00bb font_container=\u00bbtag:h1|font_size:60px|text_align:center|color:%23ffffff|line_height:1em\u00bb use_theme_fonts=\u00bbyes\u00bb][\/vc_column][\/vc_row][vc_row full_width=\u00bbstretch_row\u00bb css=\u00bb.vc_custom_1461091741107{margin-bottom: 0px !important;padding-top: 50px !important;padding-bottom: 50px !important;background-color: #f4f4f4 !important;}\u00bb][vc_column width=\u00bb2\/3&#8243;][vc_custom_heading text=\u00bbLa materia fiscal es una de las ramas de derecho de mayor complejidad, sofisticaci\u00f3n y dinamismo tanto a nivel nacional como en el \u00e1mbito internacional. M\u00e9xico ha [&hellip;]<\/p>\n","protected":false},"author":1,"featured_media":0,"parent":0,"menu_order":0,"comment_status":"closed","ping_status":"closed","template":"","meta":{"footnotes":""},"class_list":["post-3537","page","type-page","status-publish","hentry"],"_links":{"self":[{"href":"https:\/\/www.mirest.com\/es\/wp-json\/wp\/v2\/pages\/3537"}],"collection":[{"href":"https:\/\/www.mirest.com\/es\/wp-json\/wp\/v2\/pages"}],"about":[{"href":"https:\/\/www.mirest.com\/es\/wp-json\/wp\/v2\/types\/page"}],"author":[{"embeddable":true,"href":"https:\/\/www.mirest.com\/es\/wp-json\/wp\/v2\/users\/1"}],"replies":[{"embeddable":true,"href":"https:\/\/www.mirest.com\/es\/wp-json\/wp\/v2\/comments?post=3537"}],"version-history":[{"count":12,"href":"https:\/\/www.mirest.com\/es\/wp-json\/wp\/v2\/pages\/3537\/revisions"}],"predecessor-version":[{"id":4489,"href":"https:\/\/www.mirest.com\/es\/wp-json\/wp\/v2\/pages\/3537\/revisions\/4489"}],"wp:attachment":[{"href":"https:\/\/www.mirest.com\/es\/wp-json\/wp\/v2\/media?parent=3537"}],"curies":[{"name":"wp","href":"https:\/\/api.w.org\/{rel}","templated":true}]}}