{"id":3543,"date":"2017-10-10T17:27:42","date_gmt":"2017-10-10T17:27:42","guid":{"rendered":"http:\/\/mirest.com\/?page_id=3543"},"modified":"2018-02-23T16:40:56","modified_gmt":"2018-02-23T16:40:56","slug":"fideicomiso","status":"publish","type":"page","link":"https:\/\/www.mirest.com\/es\/fideicomiso\/","title":{"rendered":"Fideicomiso"},"content":{"rendered":"<p>[vc_row full_width=\u00bbstretch_row\u00bb bg_type=\u00bbimage\u00bb bg_image_new=\u00bb785&#8243; enable_overlay=\u00bbenable_overlay_value\u00bb overlay_style=\u00bbndBg\u00bb overlay_opacity=\u00bb90&#8243; css=\u00bb.vc_custom_1461091692743{margin-bottom: 0px !important;padding-top: 220px !important;padding-bottom: 220px !important;}\u00bb][vc_column][vc_custom_heading text=\u00bbFideicomiso\u00bb font_container=\u00bbtag:h1|font_size:60px|text_align:center|color:%23ffffff|line_height:1em\u00bb use_theme_fonts=\u00bbyes\u00bb][\/vc_column][\/vc_row][vc_row full_width=\u00bbstretch_row\u00bb css=\u00bb.vc_custom_1461091741107{margin-bottom: 0px !important;padding-top: 50px !important;padding-bottom: 50px !important;background-color: #f4f4f4 !important;}\u00bb][vc_column width=\u00bb2\/3&#8243;][vc_custom_heading text=\u00bbEl denominado Fideicomiso, constituye un instrumento jur\u00eddico de uso muy frecuente en muy diversos negocios, por tratarse de un veh\u00edculo legal de enorme certidumbre y confiabilidad (como lo indica el significado de la expresi\u00f3n latina \u201cfideicommisum\u201d de la cual proviene cuya traducci\u00f3n es \u201cconfianza\u201d).<\/p>\n<p>En la asesor\u00eda legal que realiza M&amp;E en los servicios que presta a sus clientes aconseja en los casos concretos la \u00f3ptima planeaci\u00f3n de cada proyecto o consulta, emitiendo una opini\u00f3n que proteja de la mejor manera la operaci\u00f3n de que se trate, en la cual se incluye el an\u00e1lisis detallado que permita al cliente estar debidamente acompa\u00f1ado y protegido por medio de nuestra asesor\u00eda en las determinaciones que se adopten para el logro de un exitoso resultado.\u00bb font_container=\u00bbtag:div|text_align:justify\u00bb use_theme_fonts=\u00bbyes\u00bb][call_to_action element_tag=\u00bbh3&#8243; button_style=\u00bbbtn-border-black\u00bb align=\u00bbleft\u00bb button_link=\u00bburl:http%3A%2F%2Fmirest.com%2Fpages%2Fcontacto|title:Cont%C3%A1ctenos||\u00bb][\/call_to_action][\/vc_column][vc_column width=\u00bb1\/3&#8243;][vc_single_image image=\u00bb3542&#8243; img_size=\u00bbfull\u00bb][\/vc_column][\/vc_row]<\/p>","protected":false},"excerpt":{"rendered":"<p>[vc_row full_width=\u00bbstretch_row\u00bb bg_type=\u00bbimage\u00bb bg_image_new=\u00bb785&#8243; enable_overlay=\u00bbenable_overlay_value\u00bb overlay_style=\u00bbndBg\u00bb overlay_opacity=\u00bb90&#8243; css=\u00bb.vc_custom_1461091692743{margin-bottom: 0px !important;padding-top: 220px !important;padding-bottom: 220px !important;}\u00bb][vc_column][vc_custom_heading text=\u00bbFideicomiso\u00bb font_container=\u00bbtag:h1|font_size:60px|text_align:center|color:%23ffffff|line_height:1em\u00bb use_theme_fonts=\u00bbyes\u00bb][\/vc_column][\/vc_row][vc_row full_width=\u00bbstretch_row\u00bb css=\u00bb.vc_custom_1461091741107{margin-bottom: 0px !important;padding-top: 50px !important;padding-bottom: 50px !important;background-color: #f4f4f4 !important;}\u00bb][vc_column width=\u00bb2\/3&#8243;][vc_custom_heading text=\u00bbEl denominado Fideicomiso, constituye un instrumento jur\u00eddico de uso muy frecuente en muy diversos negocios, por tratarse de un veh\u00edculo legal de enorme certidumbre y confiabilidad (como [&hellip;]<\/p>\n","protected":false},"author":1,"featured_media":0,"parent":0,"menu_order":0,"comment_status":"closed","ping_status":"closed","template":"","meta":{"footnotes":""},"class_list":["post-3543","page","type-page","status-publish","hentry"],"_links":{"self":[{"href":"https:\/\/www.mirest.com\/es\/wp-json\/wp\/v2\/pages\/3543"}],"collection":[{"href":"https:\/\/www.mirest.com\/es\/wp-json\/wp\/v2\/pages"}],"about":[{"href":"https:\/\/www.mirest.com\/es\/wp-json\/wp\/v2\/types\/page"}],"author":[{"embeddable":true,"href":"https:\/\/www.mirest.com\/es\/wp-json\/wp\/v2\/users\/1"}],"replies":[{"embeddable":true,"href":"https:\/\/www.mirest.com\/es\/wp-json\/wp\/v2\/comments?post=3543"}],"version-history":[{"count":11,"href":"https:\/\/www.mirest.com\/es\/wp-json\/wp\/v2\/pages\/3543\/revisions"}],"predecessor-version":[{"id":4490,"href":"https:\/\/www.mirest.com\/es\/wp-json\/wp\/v2\/pages\/3543\/revisions\/4490"}],"wp:attachment":[{"href":"https:\/\/www.mirest.com\/es\/wp-json\/wp\/v2\/media?parent=3543"}],"curies":[{"name":"wp","href":"https:\/\/api.w.org\/{rel}","templated":true}]}}