{"id":3547,"date":"2017-10-10T17:31:02","date_gmt":"2017-10-10T17:31:02","guid":{"rendered":"http:\/\/mirest.com\/?page_id=3547"},"modified":"2018-01-19T16:32:35","modified_gmt":"2018-01-19T16:32:35","slug":"propiedad-intelectual","status":"publish","type":"page","link":"https:\/\/www.mirest.com\/es\/propiedad-intelectual\/","title":{"rendered":"Propiedad intelectual"},"content":{"rendered":"<p><\/p>\n<p>[vc_row full_width=\u00bbstretch_row\u00bb bg_type=\u00bbimage\u00bb bg_image_new=\u00bb785&#8243; enable_overlay=\u00bbenable_overlay_value\u00bb overlay_style=\u00bbndBg\u00bb overlay_opacity=\u00bb90&#8243; css=\u00bb.vc_custom_1461091692743{margin-bottom: 0px !important;padding-top: 220px !important;padding-bottom: 220px !important;}\u00bb][vc_column][vc_custom_heading text=\u00bbPropiedad intelectual\u00bb font_container=\u00bbtag:h1|font_size:60px|text_align:center|color:%23ffffff|line_height:1em\u00bb use_theme_fonts=\u00bbyes\u00bb][\/vc_column][\/vc_row][vc_row full_width=\u00bbstretch_row\u00bb css=\u00bb.vc_custom_1461091741107{margin-bottom: 0px !important;padding-top: 50px !important;padding-bottom: 50px !important;background-color: #f4f4f4 !important;}\u00bb][vc_column width=\u00bb2\/3&#8243;][vc_custom_heading text=\u00bbEn una econom\u00eda en la que la propiedad intelectual adquiere cada d\u00eda m\u00e1s relevancia, M&#038;E asesora y representa a clientes nacionales e internacionales en la tramitaci\u00f3n, registro y protecci\u00f3n de Litigio de Propiedad Intelectual<\/p>\n<p>\u00bb font_container=\u00bbtag:div|text_align:left\u00bb use_theme_fonts=\u00bbyes\u00bb][call_to_action element_tag=\u00bbh3&#8243; button_style=\u00bbbtn-border-black\u00bb align=\u00bbleft\u00bb button_link=\u00bburl:http%3A%2F%2Fmirest.com%2Fpages%2Fcontacto|title:Estamos%20a%20tus%20%C3%B3rdenes%20||\u00bb][\/call_to_action][\/vc_column][vc_column width=\u00bb1\/3&#8243;][vc_single_image image=\u00bb3555&#8243; img_size=\u00bbfull\u00bb][\/vc_column][\/vc_row]<\/p>\n<p><\/p>","protected":false},"excerpt":{"rendered":"<p>[vc_row full_width=\u00bbstretch_row\u00bb bg_type=\u00bbimage\u00bb bg_image_new=\u00bb785&#8243; enable_overlay=\u00bbenable_overlay_value\u00bb overlay_style=\u00bbndBg\u00bb overlay_opacity=\u00bb90&#8243; css=\u00bb.vc_custom_1461091692743{margin-bottom: 0px !important;padding-top: 220px !important;padding-bottom: 220px !important;}\u00bb][vc_column][vc_custom_heading text=\u00bbPropiedad intelectual\u00bb font_container=\u00bbtag:h1|font_size:60px|text_align:center|color:%23ffffff|line_height:1em\u00bb use_theme_fonts=\u00bbyes\u00bb][\/vc_column][\/vc_row][vc_row full_width=\u00bbstretch_row\u00bb css=\u00bb.vc_custom_1461091741107{margin-bottom: 0px !important;padding-top: 50px !important;padding-bottom: 50px !important;background-color: #f4f4f4 !important;}\u00bb][vc_column width=\u00bb2\/3&#8243;][vc_custom_heading text=\u00bbEn una econom\u00eda en la que la propiedad intelectual adquiere cada d\u00eda m\u00e1s relevancia, M&#038;E asesora y representa a clientes nacionales e internacionales en la tramitaci\u00f3n, [&hellip;]<\/p>\n","protected":false},"author":1,"featured_media":0,"parent":0,"menu_order":0,"comment_status":"closed","ping_status":"closed","template":"","meta":{"footnotes":""},"class_list":["post-3547","page","type-page","status-publish","hentry"],"_links":{"self":[{"href":"https:\/\/www.mirest.com\/es\/wp-json\/wp\/v2\/pages\/3547"}],"collection":[{"href":"https:\/\/www.mirest.com\/es\/wp-json\/wp\/v2\/pages"}],"about":[{"href":"https:\/\/www.mirest.com\/es\/wp-json\/wp\/v2\/types\/page"}],"author":[{"embeddable":true,"href":"https:\/\/www.mirest.com\/es\/wp-json\/wp\/v2\/users\/1"}],"replies":[{"embeddable":true,"href":"https:\/\/www.mirest.com\/es\/wp-json\/wp\/v2\/comments?post=3547"}],"version-history":[{"count":10,"href":"https:\/\/www.mirest.com\/es\/wp-json\/wp\/v2\/pages\/3547\/revisions"}],"predecessor-version":[{"id":4148,"href":"https:\/\/www.mirest.com\/es\/wp-json\/wp\/v2\/pages\/3547\/revisions\/4148"}],"wp:attachment":[{"href":"https:\/\/www.mirest.com\/es\/wp-json\/wp\/v2\/media?parent=3547"}],"curies":[{"name":"wp","href":"https:\/\/api.w.org\/{rel}","templated":true}]}}