{"id":3556,"date":"2017-10-10T17:55:21","date_gmt":"2017-10-10T17:55:21","guid":{"rendered":"http:\/\/mirest.com\/?page_id=3556"},"modified":"2018-02-23T16:48:32","modified_gmt":"2018-02-23T16:48:32","slug":"litigio-de-propiedad-intelectual","status":"publish","type":"page","link":"https:\/\/www.mirest.com\/es\/litigio-de-propiedad-intelectual\/","title":{"rendered":"Litigio de propiedad intelectual"},"content":{"rendered":"<p>[vc_row full_width=\u00bbstretch_row\u00bb bg_type=\u00bbimage\u00bb bg_image_new=\u00bb785&#8243; enable_overlay=\u00bbenable_overlay_value\u00bb overlay_style=\u00bbndBg\u00bb overlay_opacity=\u00bb90&#8243; css=\u00bb.vc_custom_1461091692743{margin-bottom: 0px !important;padding-top: 220px !important;padding-bottom: 220px !important;}\u00bb][vc_column][vc_custom_heading text=\u00bbLitigio de propiedad intelectual\u00bb font_container=\u00bbtag:h1|font_size:60px|text_align:center|color:%23ffffff|line_height:1em\u00bb use_theme_fonts=\u00bbyes\u00bb][\/vc_column][\/vc_row][vc_row full_width=\u00bbstretch_row\u00bb css=\u00bb.vc_custom_1461091741107{margin-bottom: 0px !important;padding-top: 50px !important;padding-bottom: 50px !important;background-color: #f4f4f4 !important;}\u00bb][vc_column width=\u00bb2\/3&#8243;][vc_custom_heading text=\u00bbEn M&amp;E asesoramos a nuestros clientes con estrategias para la protecci\u00f3n de cualquier activo intangible a trav\u00e9s de declaraciones administrativas de nulidad, caducidad o infracciones, incluyendo los procedimientos administrativos y judiciales en todas sus instancias.<\/p>\n<p>M&amp;E tiene amplia experiencia en la planificaci\u00f3n, desarrollo y negociaci\u00f3n de franquicias.<\/p>\n<p><b>Litigio<\/b><\/p>\n<p>Asesoramos a nuestros clientes en la prevenci\u00f3n de litigios y, en su caso, en la representaci\u00f3n legal en juicios de diversa \u00edndole como son administrativa, civil, y mercantil.<\/p>\n<p>\u00bb font_container=\u00bbtag:div|text_align:justify\u00bb use_theme_fonts=\u00bbyes\u00bb][call_to_action element_tag=\u00bbh3&#8243; button_style=\u00bbbtn-border-black\u00bb align=\u00bbleft\u00bb button_link=\u00bburl:http%3A%2F%2Fmirest.com%2Fpages%2Fcontacto|title:Cont%C3%A1ctenos||\u00bb][\/call_to_action][\/vc_column][vc_column width=\u00bb1\/3&#8243;][vc_single_image image=\u00bb3455&#8243; img_size=\u00bbfull\u00bb][\/vc_column][\/vc_row]<\/p>","protected":false},"excerpt":{"rendered":"<p>[vc_row full_width=\u00bbstretch_row\u00bb bg_type=\u00bbimage\u00bb bg_image_new=\u00bb785&#8243; enable_overlay=\u00bbenable_overlay_value\u00bb overlay_style=\u00bbndBg\u00bb overlay_opacity=\u00bb90&#8243; css=\u00bb.vc_custom_1461091692743{margin-bottom: 0px !important;padding-top: 220px !important;padding-bottom: 220px !important;}\u00bb][vc_column][vc_custom_heading text=\u00bbLitigio de propiedad intelectual\u00bb font_container=\u00bbtag:h1|font_size:60px|text_align:center|color:%23ffffff|line_height:1em\u00bb use_theme_fonts=\u00bbyes\u00bb][\/vc_column][\/vc_row][vc_row full_width=\u00bbstretch_row\u00bb css=\u00bb.vc_custom_1461091741107{margin-bottom: 0px !important;padding-top: 50px !important;padding-bottom: 50px !important;background-color: #f4f4f4 !important;}\u00bb][vc_column width=\u00bb2\/3&#8243;][vc_custom_heading text=\u00bbEn M&amp;E asesoramos a nuestros clientes con estrategias para la protecci\u00f3n de cualquier activo intangible a trav\u00e9s de declaraciones administrativas de nulidad, caducidad o [&hellip;]<\/p>\n","protected":false},"author":1,"featured_media":0,"parent":0,"menu_order":0,"comment_status":"closed","ping_status":"closed","template":"","meta":{"footnotes":""},"class_list":["post-3556","page","type-page","status-publish","hentry"],"_links":{"self":[{"href":"https:\/\/www.mirest.com\/es\/wp-json\/wp\/v2\/pages\/3556"}],"collection":[{"href":"https:\/\/www.mirest.com\/es\/wp-json\/wp\/v2\/pages"}],"about":[{"href":"https:\/\/www.mirest.com\/es\/wp-json\/wp\/v2\/types\/page"}],"author":[{"embeddable":true,"href":"https:\/\/www.mirest.com\/es\/wp-json\/wp\/v2\/users\/1"}],"replies":[{"embeddable":true,"href":"https:\/\/www.mirest.com\/es\/wp-json\/wp\/v2\/comments?post=3556"}],"version-history":[{"count":12,"href":"https:\/\/www.mirest.com\/es\/wp-json\/wp\/v2\/pages\/3556\/revisions"}],"predecessor-version":[{"id":4491,"href":"https:\/\/www.mirest.com\/es\/wp-json\/wp\/v2\/pages\/3556\/revisions\/4491"}],"wp:attachment":[{"href":"https:\/\/www.mirest.com\/es\/wp-json\/wp\/v2\/media?parent=3556"}],"curies":[{"name":"wp","href":"https:\/\/api.w.org\/{rel}","templated":true}]}}