{"id":3849,"date":"2017-12-19T17:02:15","date_gmt":"2017-12-19T17:02:15","guid":{"rendered":"http:\/\/mirest.com\/?page_id=3849"},"modified":"2018-02-23T18:12:44","modified_gmt":"2018-02-23T18:12:44","slug":"transnacional","status":"publish","type":"page","link":"https:\/\/www.mirest.com\/es\/transnacional\/","title":{"rendered":"Transnacional"},"content":{"rendered":"<p>[vc_row full_width=\u00bbstretch_row\u00bb bg_type=\u00bbimage\u00bb bg_image_new=\u00bb785&#8243; enable_overlay=\u00bbenable_overlay_value\u00bb overlay_style=\u00bbndBg\u00bb overlay_opacity=\u00bb90&#8243; css=\u00bb.vc_custom_1461091692743{margin-bottom: 0px !important;padding-top: 220px !important;padding-bottom: 220px !important;}\u00bb][vc_column][vc_custom_heading text=\u00bbTransnacional\u00bb font_container=\u00bbtag:h1|font_size:60px|text_align:center|color:%23ffffff|line_height:1em\u00bb use_theme_fonts=\u00bbyes\u00bb][\/vc_column][\/vc_row][vc_row full_width=\u00bbstretch_row\u00bb css=\u00bb.vc_custom_1461091741107{margin-bottom: 0px !important;padding-top: 50px !important;padding-bottom: 50px !important;background-color: #f4f4f4 !important;}\u00bb][vc_column width=\u00bb2\/3&#8243;][vc_custom_heading text=\u00bbLa din\u00e1mica empresarial tiene de manera intr\u00ednseca la necesidad de celebrar contratos de diversa sofisticaci\u00f3n, relevancia y trascendencia, entre otros, mismos en los que descansa la operaci\u00f3n de las empresas. Es por ello que una de las principales y m\u00e1s importantes \u00e1reas de pr\u00e1ctica de M&amp;E es la transaccional que incluye el acompa\u00f1amiento al cliente desde el dise\u00f1o, negociaci\u00f3n, celebraci\u00f3n, ejecuci\u00f3n y administraci\u00f3n de los contratos de manera en que desde el inicio mismo se fijen de manera clara las posiciones, objetivos y finalidades de nuestros clientes.<\/p>\n<p>En la asesor\u00eda legal que realiza M&amp;E en los servicios que presta a sus clientes aconseja en los casos concretos la \u00f3ptima planeaci\u00f3n de cada proyecto o consulta, emitiendo una opini\u00f3n que proteja de la mejor manera la operaci\u00f3n de que se trate, en la cual se incluye el an\u00e1lisis detallado que permita al cliente estar debidamente acompa\u00f1ado y protegido por medio de nuestra asesor\u00eda en las determinaciones que se adopten para el logro de un exitoso resultado.\u00bb font_container=\u00bbtag:div|text_align:justify\u00bb use_theme_fonts=\u00bbyes\u00bb][call_to_action element_tag=\u00bbh3&#8243; button_style=\u00bbbtn-border-black\u00bb align=\u00bbleft\u00bb button_link=\u00bburl:http%3A%2F%2Fmirest.com%2Fpages%2Fcontacto|title:Cont%C3%A1ctenos||\u00bb][\/call_to_action][\/vc_column][vc_column width=\u00bb1\/3&#8243;][vc_single_image image=\u00bb3448&#8243; img_size=\u00bbfull\u00bb][\/vc_column][\/vc_row]<\/p>","protected":false},"excerpt":{"rendered":"<p>[vc_row full_width=\u00bbstretch_row\u00bb bg_type=\u00bbimage\u00bb bg_image_new=\u00bb785&#8243; enable_overlay=\u00bbenable_overlay_value\u00bb overlay_style=\u00bbndBg\u00bb overlay_opacity=\u00bb90&#8243; css=\u00bb.vc_custom_1461091692743{margin-bottom: 0px !important;padding-top: 220px !important;padding-bottom: 220px !important;}\u00bb][vc_column][vc_custom_heading text=\u00bbTransnacional\u00bb font_container=\u00bbtag:h1|font_size:60px|text_align:center|color:%23ffffff|line_height:1em\u00bb use_theme_fonts=\u00bbyes\u00bb][\/vc_column][\/vc_row][vc_row full_width=\u00bbstretch_row\u00bb css=\u00bb.vc_custom_1461091741107{margin-bottom: 0px !important;padding-top: 50px !important;padding-bottom: 50px !important;background-color: #f4f4f4 !important;}\u00bb][vc_column width=\u00bb2\/3&#8243;][vc_custom_heading text=\u00bbLa din\u00e1mica empresarial tiene de manera intr\u00ednseca la necesidad de celebrar contratos de diversa sofisticaci\u00f3n, relevancia y trascendencia, entre otros, mismos en los que descansa la operaci\u00f3n [&hellip;]<\/p>\n","protected":false},"author":1,"featured_media":0,"parent":0,"menu_order":0,"comment_status":"closed","ping_status":"closed","template":"","meta":{"footnotes":""},"class_list":["post-3849","page","type-page","status-publish","hentry"],"_links":{"self":[{"href":"https:\/\/www.mirest.com\/es\/wp-json\/wp\/v2\/pages\/3849"}],"collection":[{"href":"https:\/\/www.mirest.com\/es\/wp-json\/wp\/v2\/pages"}],"about":[{"href":"https:\/\/www.mirest.com\/es\/wp-json\/wp\/v2\/types\/page"}],"author":[{"embeddable":true,"href":"https:\/\/www.mirest.com\/es\/wp-json\/wp\/v2\/users\/1"}],"replies":[{"embeddable":true,"href":"https:\/\/www.mirest.com\/es\/wp-json\/wp\/v2\/comments?post=3849"}],"version-history":[{"count":6,"href":"https:\/\/www.mirest.com\/es\/wp-json\/wp\/v2\/pages\/3849\/revisions"}],"predecessor-version":[{"id":4501,"href":"https:\/\/www.mirest.com\/es\/wp-json\/wp\/v2\/pages\/3849\/revisions\/4501"}],"wp:attachment":[{"href":"https:\/\/www.mirest.com\/es\/wp-json\/wp\/v2\/media?parent=3849"}],"curies":[{"name":"wp","href":"https:\/\/api.w.org\/{rel}","templated":true}]}}