{"id":3861,"date":"2017-12-19T18:18:27","date_gmt":"2017-12-19T18:18:27","guid":{"rendered":"http:\/\/mirest.com\/?page_id=3861"},"modified":"2018-02-23T19:07:38","modified_gmt":"2018-02-23T19:07:38","slug":"contrataciones-gubernamentales","status":"publish","type":"page","link":"https:\/\/www.mirest.com\/es\/contrataciones-gubernamentales\/","title":{"rendered":"Contrataciones gubernamentales"},"content":{"rendered":"<p>[vc_row full_width=\u00bbstretch_row\u00bb bg_type=\u00bbimage\u00bb bg_image_new=\u00bb785&#8243; enable_overlay=\u00bbenable_overlay_value\u00bb overlay_style=\u00bbndBg\u00bb overlay_opacity=\u00bb90&#8243; css=\u00bb.vc_custom_1461091692743{margin-bottom: 0px !important;padding-top: 220px !important;padding-bottom: 220px !important;}\u00bb][vc_column][vc_custom_heading text=\u00bbContrataciones gubernamentales \u00bb font_container=\u00bbtag:h1|font_size:60px|text_align:center|color:%23ffffff|line_height:1em\u00bb use_theme_fonts=\u00bbyes\u00bb][\/vc_column][\/vc_row][vc_row full_width=\u00bbstretch_row\u00bb css=\u00bb.vc_custom_1461091741107{margin-bottom: 0px !important;padding-top: 50px !important;padding-bottom: 50px !important;background-color: #f4f4f4 !important;}\u00bb][vc_column width=\u00bb2\/3&#8243;][vc_custom_heading text=\u00bbEn Miranda &amp; Estavillo, S.C. tenemos una amplia experiencia en esta \u00e1rea y nuestros servicios incluyen la elaboraci\u00f3n de las ofertas y la documentaci\u00f3n que las avalan, la participaci\u00f3n en el procedimiento de la licitaci\u00f3n y la negociaci\u00f3n de los contratos.<\/p>\n<p>Un campo muy importante en esta \u00e1rea es la representaci\u00f3n de los clientes en las disputas generadas en relaci\u00f3n con el procedimiento de la adquisici\u00f3n p\u00fablica o desde los contratos resultantes, incluyendo procedimientos de queja, recursos administrativos, litigaci\u00f3n ante la Corte Fiscal Federal y Justicia Administrativa y ante las cortes de la rama Judicial Federal, as\u00ed como tambi\u00e9n procedimientos de conciliaci\u00f3n y arbitraje, incluyendo arbitraje internacional.\u00bb font_container=\u00bbtag:div|text_align:justify\u00bb use_theme_fonts=\u00bbyes\u00bb][call_to_action element_tag=\u00bbh3&#8243; button_style=\u00bbbtn-border-black\u00bb align=\u00bbleft\u00bb button_link=\u00bburl:http%3A%2F%2Fmirest.com%2Fpages%2Fcontacto|title:Cont%C3%A1ctenos||\u00bb][\/call_to_action][\/vc_column][vc_column width=\u00bb1\/3&#8243;][vc_single_image image=\u00bb3443&#8243; img_size=\u00bbfull\u00bb][\/vc_column][\/vc_row]<\/p>","protected":false},"excerpt":{"rendered":"<p>[vc_row full_width=\u00bbstretch_row\u00bb bg_type=\u00bbimage\u00bb bg_image_new=\u00bb785&#8243; enable_overlay=\u00bbenable_overlay_value\u00bb overlay_style=\u00bbndBg\u00bb overlay_opacity=\u00bb90&#8243; css=\u00bb.vc_custom_1461091692743{margin-bottom: 0px !important;padding-top: 220px !important;padding-bottom: 220px !important;}\u00bb][vc_column][vc_custom_heading text=\u00bbContrataciones gubernamentales \u00bb font_container=\u00bbtag:h1|font_size:60px|text_align:center|color:%23ffffff|line_height:1em\u00bb use_theme_fonts=\u00bbyes\u00bb][\/vc_column][\/vc_row][vc_row full_width=\u00bbstretch_row\u00bb css=\u00bb.vc_custom_1461091741107{margin-bottom: 0px !important;padding-top: 50px !important;padding-bottom: 50px !important;background-color: #f4f4f4 !important;}\u00bb][vc_column width=\u00bb2\/3&#8243;][vc_custom_heading text=\u00bbEn Miranda &amp; Estavillo, S.C. tenemos una amplia experiencia en esta \u00e1rea y nuestros servicios incluyen la elaboraci\u00f3n de las ofertas y la documentaci\u00f3n que [&hellip;]<\/p>\n","protected":false},"author":1,"featured_media":0,"parent":0,"menu_order":0,"comment_status":"closed","ping_status":"closed","template":"","meta":{"footnotes":""},"class_list":["post-3861","page","type-page","status-publish","hentry"],"_links":{"self":[{"href":"https:\/\/www.mirest.com\/es\/wp-json\/wp\/v2\/pages\/3861"}],"collection":[{"href":"https:\/\/www.mirest.com\/es\/wp-json\/wp\/v2\/pages"}],"about":[{"href":"https:\/\/www.mirest.com\/es\/wp-json\/wp\/v2\/types\/page"}],"author":[{"embeddable":true,"href":"https:\/\/www.mirest.com\/es\/wp-json\/wp\/v2\/users\/1"}],"replies":[{"embeddable":true,"href":"https:\/\/www.mirest.com\/es\/wp-json\/wp\/v2\/comments?post=3861"}],"version-history":[{"count":4,"href":"https:\/\/www.mirest.com\/es\/wp-json\/wp\/v2\/pages\/3861\/revisions"}],"predecessor-version":[{"id":4507,"href":"https:\/\/www.mirest.com\/es\/wp-json\/wp\/v2\/pages\/3861\/revisions\/4507"}],"wp:attachment":[{"href":"https:\/\/www.mirest.com\/es\/wp-json\/wp\/v2\/media?parent=3861"}],"curies":[{"name":"wp","href":"https:\/\/api.w.org\/{rel}","templated":true}]}}