{"id":3863,"date":"2017-12-19T18:22:18","date_gmt":"2017-12-19T18:22:18","guid":{"rendered":"http:\/\/mirest.com\/?page_id=3863"},"modified":"2018-02-23T19:13:33","modified_gmt":"2018-02-23T19:13:33","slug":"maritimo","status":"publish","type":"page","link":"https:\/\/www.mirest.com\/es\/maritimo\/","title":{"rendered":"Mar\u00edtimo"},"content":{"rendered":"<p>[vc_row full_width=\u00bbstretch_row\u00bb bg_type=\u00bbimage\u00bb bg_image_new=\u00bb785&#8243; enable_overlay=\u00bbenable_overlay_value\u00bb overlay_style=\u00bbndBg\u00bb overlay_opacity=\u00bb90&#8243; css=\u00bb.vc_custom_1461091692743{margin-bottom: 0px !important;padding-top: 220px !important;padding-bottom: 220px !important;}\u00bb][vc_column][vc_custom_heading text=\u00bbMar\u00edtimo\u00bb font_container=\u00bbtag:h1|font_size:60px|text_align:center|color:%23ffffff|line_height:1em\u00bb use_theme_fonts=\u00bbyes\u00bb][\/vc_column][\/vc_row][vc_row full_width=\u00bbstretch_row\u00bb css=\u00bb.vc_custom_1461091741107{margin-bottom: 0px !important;padding-top: 50px !important;padding-bottom: 50px !important;background-color: #f4f4f4 !important;}\u00bb][vc_column width=\u00bb2\/3&#8243;][vc_custom_heading text=\u00bbLa pr\u00e1ctica de la firma en esta \u00e1rea incluye consejer\u00eda para la participaci\u00f3n en las actividades mar\u00edtimas en M\u00e9xico, incorporaci\u00f3n de compa\u00f1\u00edas, operaci\u00f3n de buques en M\u00e9xico, hipotecas navales, contratos de fletamento y fletamento del buque, cargo de transportaci\u00f3n mar\u00edtima, registro y abanderamiento de los buques y otros asuntos relacionados.<\/p>\n<p>La pr\u00e1ctica de la firma tambi\u00e9n incluye consejer\u00eda en el \u00e1rea de responsabilidad general, seguros mar\u00edtimos y la participaci\u00f3n en litigio relacionada con los negocios mar\u00edtimos.<br \/>\n\u00bb font_container=\u00bbtag:div|text_align:justify\u00bb use_theme_fonts=\u00bbyes\u00bb][call_to_action element_tag=\u00bbh3&#8243; button_style=\u00bbbtn-border-black\u00bb align=\u00bbleft\u00bb button_link=\u00bburl:http%3A%2F%2Fmirest.com%2Fpages%2Fcontacto|title:Cont%C3%A1ctenos||\u00bb][\/call_to_action][\/vc_column][vc_column width=\u00bb1\/3&#8243;][vc_single_image image=\u00bb3459&#8243; img_size=\u00bbfull\u00bb][\/vc_column][\/vc_row]<\/p>","protected":false},"excerpt":{"rendered":"<p>[vc_row full_width=\u00bbstretch_row\u00bb bg_type=\u00bbimage\u00bb bg_image_new=\u00bb785&#8243; enable_overlay=\u00bbenable_overlay_value\u00bb overlay_style=\u00bbndBg\u00bb overlay_opacity=\u00bb90&#8243; css=\u00bb.vc_custom_1461091692743{margin-bottom: 0px !important;padding-top: 220px !important;padding-bottom: 220px !important;}\u00bb][vc_column][vc_custom_heading text=\u00bbMar\u00edtimo\u00bb font_container=\u00bbtag:h1|font_size:60px|text_align:center|color:%23ffffff|line_height:1em\u00bb use_theme_fonts=\u00bbyes\u00bb][\/vc_column][\/vc_row][vc_row full_width=\u00bbstretch_row\u00bb css=\u00bb.vc_custom_1461091741107{margin-bottom: 0px !important;padding-top: 50px !important;padding-bottom: 50px !important;background-color: #f4f4f4 !important;}\u00bb][vc_column width=\u00bb2\/3&#8243;][vc_custom_heading text=\u00bbLa pr\u00e1ctica de la firma en esta \u00e1rea incluye consejer\u00eda para la participaci\u00f3n en las actividades mar\u00edtimas en M\u00e9xico, incorporaci\u00f3n de compa\u00f1\u00edas, operaci\u00f3n de buques en M\u00e9xico, [&hellip;]<\/p>\n","protected":false},"author":1,"featured_media":0,"parent":0,"menu_order":0,"comment_status":"closed","ping_status":"closed","template":"","meta":{"footnotes":""},"class_list":["post-3863","page","type-page","status-publish","hentry"],"_links":{"self":[{"href":"https:\/\/www.mirest.com\/es\/wp-json\/wp\/v2\/pages\/3863"}],"collection":[{"href":"https:\/\/www.mirest.com\/es\/wp-json\/wp\/v2\/pages"}],"about":[{"href":"https:\/\/www.mirest.com\/es\/wp-json\/wp\/v2\/types\/page"}],"author":[{"embeddable":true,"href":"https:\/\/www.mirest.com\/es\/wp-json\/wp\/v2\/users\/1"}],"replies":[{"embeddable":true,"href":"https:\/\/www.mirest.com\/es\/wp-json\/wp\/v2\/comments?post=3863"}],"version-history":[{"count":6,"href":"https:\/\/www.mirest.com\/es\/wp-json\/wp\/v2\/pages\/3863\/revisions"}],"predecessor-version":[{"id":4509,"href":"https:\/\/www.mirest.com\/es\/wp-json\/wp\/v2\/pages\/3863\/revisions\/4509"}],"wp:attachment":[{"href":"https:\/\/www.mirest.com\/es\/wp-json\/wp\/v2\/media?parent=3863"}],"curies":[{"name":"wp","href":"https:\/\/api.w.org\/{rel}","templated":true}]}}