{"id":3867,"date":"2017-12-19T18:30:39","date_gmt":"2017-12-19T18:30:39","guid":{"rendered":"http:\/\/mirest.com\/?page_id=3867"},"modified":"2018-02-23T19:02:35","modified_gmt":"2018-02-23T19:02:35","slug":"petroleo-gas-y-energia","status":"publish","type":"page","link":"https:\/\/www.mirest.com\/es\/petroleo-gas-y-energia\/","title":{"rendered":"Petr\u00f3leo, Gas y Energ\u00eda"},"content":{"rendered":"<p>[vc_row full_width=\u00bbstretch_row\u00bb bg_type=\u00bbimage\u00bb bg_image_new=\u00bb785&#8243; enable_overlay=\u00bbenable_overlay_value\u00bb overlay_style=\u00bbndBg\u00bb overlay_opacity=\u00bb90&#8243; css=\u00bb.vc_custom_1461091692743{margin-bottom: 0px !important;padding-top: 220px !important;padding-bottom: 220px !important;}\u00bb][vc_column][vc_custom_heading text=\u00bbPetr\u00f3leo, Gas y Energ\u00eda\u00bb font_container=\u00bbtag:h1|font_size:60px|text_align:center|color:%23ffffff|line_height:1em\u00bb use_theme_fonts=\u00bbyes\u00bb][\/vc_column][\/vc_row][vc_row full_width=\u00bbstretch_row\u00bb css=\u00bb.vc_custom_1461091741107{margin-bottom: 0px !important;padding-top: 50px !important;padding-bottom: 50px !important;background-color: #f4f4f4 !important;}\u00bb][vc_column width=\u00bb2\/3&#8243;][vc_custom_heading text=\u00bbEl petr\u00f3leo, el gas natural, la petroqu\u00edmica y la energ\u00eda el\u00e9ctrica son \u00e1reas altamente reguladas y pol\u00edticamente sensibles, que requieren de un manejo especializado.<\/p>\n<p>El despacho tiene una amplia experiencia en el \u00e1rea de energ\u00eda asesorando a diversas empresas dedicadas a esta \u00e1rea, as\u00ed como a empresas constructoras, prestadoras de servicios y firmas de ingenier\u00eda, en proyectos relacionados con la energ\u00eda.<\/p>\n<p>Los servicios de la firma en esta \u00e1rea incluyen asesor\u00eda e implementaci\u00f3n de las diversas alternativas para la participaci\u00f3n en proyectos de energ\u00eda\u00bb font_container=\u00bbtag:div|text_align:justify\u00bb use_theme_fonts=\u00bbyes\u00bb][call_to_action element_tag=\u00bbh3&#8243; button_style=\u00bbbtn-border-black\u00bb align=\u00bbleft\u00bb button_link=\u00bburl:http%3A%2F%2Fmirest.com%2Fpages%2Fcontacto|title:Cont%C3%A1ctenos||\u00bb][\/call_to_action][\/vc_column][vc_column width=\u00bb1\/3&#8243;][vc_single_image image=\u00bb4328&#8243; img_size=\u00bbfull\u00bb][\/vc_column][\/vc_row]<\/p>","protected":false},"excerpt":{"rendered":"<p>[vc_row full_width=\u00bbstretch_row\u00bb bg_type=\u00bbimage\u00bb bg_image_new=\u00bb785&#8243; enable_overlay=\u00bbenable_overlay_value\u00bb overlay_style=\u00bbndBg\u00bb overlay_opacity=\u00bb90&#8243; css=\u00bb.vc_custom_1461091692743{margin-bottom: 0px !important;padding-top: 220px !important;padding-bottom: 220px !important;}\u00bb][vc_column][vc_custom_heading text=\u00bbPetr\u00f3leo, Gas y Energ\u00eda\u00bb font_container=\u00bbtag:h1|font_size:60px|text_align:center|color:%23ffffff|line_height:1em\u00bb use_theme_fonts=\u00bbyes\u00bb][\/vc_column][\/vc_row][vc_row full_width=\u00bbstretch_row\u00bb css=\u00bb.vc_custom_1461091741107{margin-bottom: 0px !important;padding-top: 50px !important;padding-bottom: 50px !important;background-color: #f4f4f4 !important;}\u00bb][vc_column width=\u00bb2\/3&#8243;][vc_custom_heading text=\u00bbEl petr\u00f3leo, el gas natural, la petroqu\u00edmica y la energ\u00eda el\u00e9ctrica son \u00e1reas altamente reguladas y pol\u00edticamente sensibles, que requieren de un manejo especializado. [&hellip;]<\/p>\n","protected":false},"author":1,"featured_media":0,"parent":0,"menu_order":0,"comment_status":"closed","ping_status":"closed","template":"","meta":{"footnotes":""},"class_list":["post-3867","page","type-page","status-publish","hentry"],"_links":{"self":[{"href":"https:\/\/www.mirest.com\/es\/wp-json\/wp\/v2\/pages\/3867"}],"collection":[{"href":"https:\/\/www.mirest.com\/es\/wp-json\/wp\/v2\/pages"}],"about":[{"href":"https:\/\/www.mirest.com\/es\/wp-json\/wp\/v2\/types\/page"}],"author":[{"embeddable":true,"href":"https:\/\/www.mirest.com\/es\/wp-json\/wp\/v2\/users\/1"}],"replies":[{"embeddable":true,"href":"https:\/\/www.mirest.com\/es\/wp-json\/wp\/v2\/comments?post=3867"}],"version-history":[{"count":8,"href":"https:\/\/www.mirest.com\/es\/wp-json\/wp\/v2\/pages\/3867\/revisions"}],"predecessor-version":[{"id":4506,"href":"https:\/\/www.mirest.com\/es\/wp-json\/wp\/v2\/pages\/3867\/revisions\/4506"}],"wp:attachment":[{"href":"https:\/\/www.mirest.com\/es\/wp-json\/wp\/v2\/media?parent=3867"}],"curies":[{"name":"wp","href":"https:\/\/api.w.org\/{rel}","templated":true}]}}