{"id":3917,"date":"2017-12-21T16:02:50","date_gmt":"2017-12-21T16:02:50","guid":{"rendered":"http:\/\/mirest.com\/?page_id=3917"},"modified":"2018-02-03T00:43:35","modified_gmt":"2018-02-03T00:43:35","slug":"me","status":"publish","type":"page","link":"https:\/\/www.mirest.com\/es\/me\/","title":{"rendered":"M&#038;E"},"content":{"rendered":"<p><\/p>\n<p>[vc_row full_width=\u00bbstretch_row\u00bb bg_type=\u00bbimage\u00bb bg_image_new=\u00bb785&#8243; enable_overlay=\u00bbenable_overlay_value\u00bb overlay_style=\u00bbndBg\u00bb overlay_opacity=\u00bb90&#8243; css=\u00bb.vc_custom_1461091692743{margin-bottom: 0px !important;padding-top: 220px !important;padding-bottom: 220px !important;}\u00bb][vc_column][vc_custom_heading text=\u00bbM&amp;E\u00bb font_container=\u00bbtag:h1|font_size:60px|text_align:center|color:%23ffffff|line_height:1em\u00bb use_theme_fonts=\u00bbyes\u00bb][\/vc_column][\/vc_row][vc_row full_width=\u00bbstretch_row\u00bb css=\u00bb.vc_custom_1461091741107{margin-bottom: 0px !important;padding-top: 50px !important;padding-bottom: 50px !important;background-color: #f4f4f4 !important;}\u00bb][vc_column width=\u00bb2\/3&#8243;][call_to_action element_tag=\u00bbh3&#8243; button_style=\u00bbbtn-border-black\u00bb align=\u00bbleft\u00bb button_link=\u00bburl:http%3A%2F%2Fmirest.com%2Fpages%2Fcontacto|title:Estamos%20a%20tus%20%C3%B3rdenes%20||\u00bb]M&amp;E presta a sus clientes una asesor\u00eda integral dentro de la materia corporativa de forma que consideramos los aspectos fiscales, mercantiles, laborales, de propiedad intelectual y cualquier otro que pueda estar involucrado a fin de dise\u00f1ar la estructura id\u00f3nea para el desarrollo del negocio de que se trate.<\/p>\n<p>La pr\u00e1ctica corporativa comprende, desde luego, la constituci\u00f3n de sociedades, asociaciones, auditor\u00edas legales, fusiones, adquisiciones, restructuras corporativas, transformaci\u00f3n y liquidaci\u00f3n de sociedades. As\u00ed mismo la administraci\u00f3n de los libros corporativos de las sociedades como es el cumplimiento de las diversas obligaciones societarias. [\/call_to_action][\/vc_column][vc_column width=\u00bb1\/3&#8243;][vc_single_image image=\u00bb3438&#8243; img_size=\u00bbfull\u00bb][\/vc_column][\/vc_row]<\/p>\n<p><\/p>","protected":false},"excerpt":{"rendered":"<p>[vc_row full_width=\u00bbstretch_row\u00bb bg_type=\u00bbimage\u00bb bg_image_new=\u00bb785&#8243; enable_overlay=\u00bbenable_overlay_value\u00bb overlay_style=\u00bbndBg\u00bb overlay_opacity=\u00bb90&#8243; css=\u00bb.vc_custom_1461091692743{margin-bottom: 0px !important;padding-top: 220px !important;padding-bottom: 220px !important;}\u00bb][vc_column][vc_custom_heading text=\u00bbM&amp;E\u00bb font_container=\u00bbtag:h1|font_size:60px|text_align:center|color:%23ffffff|line_height:1em\u00bb use_theme_fonts=\u00bbyes\u00bb][\/vc_column][\/vc_row][vc_row full_width=\u00bbstretch_row\u00bb css=\u00bb.vc_custom_1461091741107{margin-bottom: 0px !important;padding-top: 50px !important;padding-bottom: 50px !important;background-color: #f4f4f4 !important;}\u00bb][vc_column width=\u00bb2\/3&#8243;][call_to_action element_tag=\u00bbh3&#8243; button_style=\u00bbbtn-border-black\u00bb align=\u00bbleft\u00bb button_link=\u00bburl:http%3A%2F%2Fmirest.com%2Fpages%2Fcontacto|title:Estamos%20a%20tus%20%C3%B3rdenes%20||\u00bb]M&amp;E presta a sus clientes una asesor\u00eda integral dentro de la materia corporativa de forma que consideramos los aspectos fiscales, mercantiles, laborales, de propiedad [&hellip;]<\/p>\n","protected":false},"author":1,"featured_media":0,"parent":0,"menu_order":0,"comment_status":"closed","ping_status":"closed","template":"","meta":{"footnotes":""},"class_list":["post-3917","page","type-page","status-publish","hentry"],"_links":{"self":[{"href":"https:\/\/www.mirest.com\/es\/wp-json\/wp\/v2\/pages\/3917"}],"collection":[{"href":"https:\/\/www.mirest.com\/es\/wp-json\/wp\/v2\/pages"}],"about":[{"href":"https:\/\/www.mirest.com\/es\/wp-json\/wp\/v2\/types\/page"}],"author":[{"embeddable":true,"href":"https:\/\/www.mirest.com\/es\/wp-json\/wp\/v2\/users\/1"}],"replies":[{"embeddable":true,"href":"https:\/\/www.mirest.com\/es\/wp-json\/wp\/v2\/comments?post=3917"}],"version-history":[{"count":4,"href":"https:\/\/www.mirest.com\/es\/wp-json\/wp\/v2\/pages\/3917\/revisions"}],"predecessor-version":[{"id":4343,"href":"https:\/\/www.mirest.com\/es\/wp-json\/wp\/v2\/pages\/3917\/revisions\/4343"}],"wp:attachment":[{"href":"https:\/\/www.mirest.com\/es\/wp-json\/wp\/v2\/media?parent=3917"}],"curies":[{"name":"wp","href":"https:\/\/api.w.org\/{rel}","templated":true}]}}