{"id":3924,"date":"2018-01-18T23:06:14","date_gmt":"2018-01-18T23:06:14","guid":{"rendered":"http:\/\/mirest.com\/?page_id=3924"},"modified":"2024-08-27T00:40:34","modified_gmt":"2024-08-27T06:40:34","slug":"administrativo","status":"publish","type":"page","link":"https:\/\/www.mirest.com\/es\/administrativo\/","title":{"rendered":"Administrativo"},"content":{"rendered":"<p>[vc_row full_width=\u00bbstretch_row\u00bb bg_type=\u00bbimage\u00bb bg_image_new=\u00bb785&#8243; enable_overlay=\u00bbenable_overlay_value\u00bb overlay_style=\u00bbndBg\u00bb overlay_opacity=\u00bb90&#8243; css=\u00bb.vc_custom_1461091692743{margin-bottom: 0px !important;padding-top: 220px !important;padding-bottom: 220px !important;}\u00bb][vc_column][vc_custom_heading text=\u00bbAdministrativo\u00bb font_container=\u00bbtag:h1|font_size:60px|text_align:center|color:%23ffffff|line_height:1em\u00bb use_theme_fonts=\u00bbyes\u00bb][\/vc_column][\/vc_row][vc_row full_width=\u00bbstretch_row\u00bb css=\u00bb.vc_custom_1461091741107{margin-bottom: 0px !important;padding-top: 50px !important;padding-bottom: 50px !important;background-color: #f4f4f4 !important;}\u00bb][vc_column width=\u00bb2\/3&#8243;][call_to_action element_tag=\u00bbh3&#8243; button_style=\u00bbbtn-border-black\u00bb align=\u00bbleft\u00bb button_link=\u00bburl:http%3A%2F%2Fmirest.com%2Fpages%2Fcontacto|title:Cont%C3%A1ctenos||\u00bb]El derecho administrativo constituye una disciplina que involucra la relaci\u00f3n con las autoridades gubernamentales y por tanto su \u00e1mbito es extenso.<br \/>\nEntre las disciplinas que abarca el derecho administrativo se\u00f1alamos, entre las m\u00e1s destacadas, contrataciones p\u00fablicas en sus diversas modalidades concesiones, litigio administrativo, inconformidades, denuncias, permisos y dem\u00e1s que se requiere en la amplia gama de relaciones con el Estado. [\/call_to_action][\/vc_column][vc_column width=\u00bb1\/3&#8243;][vc_single_image image=\u00bb4332&#8243; img_size=\u00bbfull\u00bb][\/vc_column][\/vc_row]<\/p>","protected":false},"excerpt":{"rendered":"<p>[vc_row full_width=\u00bbstretch_row\u00bb bg_type=\u00bbimage\u00bb bg_image_new=\u00bb785&#8243; enable_overlay=\u00bbenable_overlay_value\u00bb overlay_style=\u00bbndBg\u00bb overlay_opacity=\u00bb90&#8243; css=\u00bb.vc_custom_1461091692743{margin-bottom: 0px !important;padding-top: 220px !important;padding-bottom: 220px !important;}\u00bb][vc_column][vc_custom_heading text=\u00bbAdministrativo\u00bb font_container=\u00bbtag:h1|font_size:60px|text_align:center|color:%23ffffff|line_height:1em\u00bb use_theme_fonts=\u00bbyes\u00bb][\/vc_column][\/vc_row][vc_row full_width=\u00bbstretch_row\u00bb css=\u00bb.vc_custom_1461091741107{margin-bottom: 0px !important;padding-top: 50px !important;padding-bottom: 50px !important;background-color: #f4f4f4 !important;}\u00bb][vc_column width=\u00bb2\/3&#8243;][call_to_action element_tag=\u00bbh3&#8243; button_style=\u00bbbtn-border-black\u00bb align=\u00bbleft\u00bb button_link=\u00bburl:http%3A%2F%2Fmirest.com%2Fpages%2Fcontacto|title:Cont%C3%A1ctenos||\u00bb]El derecho administrativo constituye una disciplina que involucra la relaci\u00f3n con las autoridades gubernamentales y por tanto su \u00e1mbito es extenso. Entre las disciplinas [&hellip;]<\/p>\n","protected":false},"author":1,"featured_media":0,"parent":0,"menu_order":0,"comment_status":"closed","ping_status":"closed","template":"","meta":{"footnotes":""},"class_list":["post-3924","page","type-page","status-publish","hentry"],"_links":{"self":[{"href":"https:\/\/www.mirest.com\/es\/wp-json\/wp\/v2\/pages\/3924"}],"collection":[{"href":"https:\/\/www.mirest.com\/es\/wp-json\/wp\/v2\/pages"}],"about":[{"href":"https:\/\/www.mirest.com\/es\/wp-json\/wp\/v2\/types\/page"}],"author":[{"embeddable":true,"href":"https:\/\/www.mirest.com\/es\/wp-json\/wp\/v2\/users\/1"}],"replies":[{"embeddable":true,"href":"https:\/\/www.mirest.com\/es\/wp-json\/wp\/v2\/comments?post=3924"}],"version-history":[{"count":7,"href":"https:\/\/www.mirest.com\/es\/wp-json\/wp\/v2\/pages\/3924\/revisions"}],"predecessor-version":[{"id":5112,"href":"https:\/\/www.mirest.com\/es\/wp-json\/wp\/v2\/pages\/3924\/revisions\/5112"}],"wp:attachment":[{"href":"https:\/\/www.mirest.com\/es\/wp-json\/wp\/v2\/media?parent=3924"}],"curies":[{"name":"wp","href":"https:\/\/api.w.org\/{rel}","templated":true}]}}