{"id":5137,"date":"2024-08-29T16:32:10","date_gmt":"2024-08-29T22:32:10","guid":{"rendered":"https:\/\/www.mirest.com\/es\/?page_id=5137"},"modified":"2024-09-02T19:54:54","modified_gmt":"2024-09-03T01:54:54","slug":"home-naandeye","status":"publish","type":"page","link":"https:\/\/www.mirest.com\/es\/","title":{"rendered":"home-naandeye"},"content":{"rendered":"<p>[vc_row full_width=\u00bbstretch_row_content\u00bb seperator_enable=\u00bbseperator_enable_value\u00bb seperator_type=\u00bbxlarge_triangle_seperator\u00bb seperator_position=\u00bbbottom_seperator\u00bb seperator_svg_height=\u00bb100&#8243; seperator_svg_bottom=\u00bb-30px\u00bb][vc_column][rev_slider_vc alias=\u00bb18-ultimo-slider-esp\u00bb][\/vc_column][\/vc_row][vc_row full_width=\u00bbstretch_row_content_no_spaces\u00bb bg_type=\u00bbbg_color\u00bb bg_solid_color=\u00bb#ededed\u00bb][vc_column el_class=\u00bbwow fadeInUp\u00bb offset=\u00bbvc_col-lg-offset-2 vc_col-lg-8 vc_col-md-offset-0 vc_col-md-12&#8243;][vc_empty_space height=\u00bb80px\u00bb][svg svg_icon=\u00bbsvg01&#8243;][vc_empty_space height=\u00bb50px\u00bb][vc_custom_heading text=\u00bbCELEBRAMOS NUESTRO 50 ANIVERSARIO<\/p>\n<p>Estamos muy orgullosos y satisfechos de celebrar 50 A\u00d1OS de ofrecer a nuestros clientes y amigos servicios de alta calidad profesional<br \/>\ny atenci\u00f3n comprometida y personalizada.<\/p>\n<p>Es ocasi\u00f3n propicia para rendir homenaje a los fundadores de nuestro Despacho, Fausto C. Miranda Paz (+) y Fernando Estavillo Castro, por su valiosa iniciativa de atender los requerimientos legales de empresas nacionales y extranjeras, y defender el estado de derecho en un M\u00e9xico que ya enfrentaba profundas crisis pol\u00edticas y econ\u00f3micas, as\u00ed como a socios y abogados que siguiendo sus grandes ense\u00f1anzas y principios han honrado los altos valores y \u00e9tica en nuestro ejercicio profesional.<\/p>\n<p>Es este momento una oportunidad para agradecer a nuestros clientes, a quienes debemos el mantener y continuar durante 50 a\u00f1os nuestro ejercicio profesional, varios de los cuales nos han brindado su confianza por m\u00e1s de 25 a\u00f1os hasta la fecha.<\/p>\n<p>Reiteramos nuestro firme prop\u00f3sito de mantener los pilares fundamentales que sostienen nuestro ejercicio profesional inspirados por nuestros fundadores y as\u00ed atender las necesidades de nuestros clientes con la pasi\u00f3n y entusiasmo que nos inspira nuestro ejercicio profesional.<\/p>\n<p>Gracias por su confianza.\u00bb font_container=\u00bbtag:h5|text_align:center\u00bb use_theme_fonts=\u00bbyes\u00bb][vc_empty_space height=\u00bb50px\u00bb][\/vc_column][\/vc_row][vc_row][vc_column][line height=\u00bb70px\u00bb width=\u00bb2px\u00bb color=\u00bb#111111&#8243; margin=\u00bb50px auto\u00bb custom_class=\u00bbwow fadeInUp\u00bb][vc_single_image image=\u00bb3254&#8243; img_size=\u00bbfull\u00bb alignment=\u00bbcenter\u00bb el_class=\u00bbrelative-index-3 wow fadeInUp\u00bb][\/vc_column][\/vc_row][vc_row full_width=\u00bbstretch_row\u00bb equal_height=\u00bbyes\u00bb content_placement=\u00bbmiddle\u00bb el_class=\u00bbpadding-x-100-lg relative-index-2&#8243;][vc_column width=\u00bb1\/2&#8243; css=\u00bb.vc_custom_1725299564637{padding-top: 100px !important;padding-right: 80px !important;padding-bottom: 100px !important;padding-left: 80px !important;}\u00bb][vc_custom_heading text=\u00bbMiranda &amp; Estavillo es una firma de`{`tm_dione_color cl=\u00abndColor\u00ab`}` abogados`{`\/tm_dione_color`}` fundada en 1974&#8243; font_container=\u00bbtag:h3|text_align:justify|line_height:1.1em\u00bb use_theme_fonts=\u00bbyes\u00bb el_class=\u00bbwow fadeInUp\u00bb css=\u00bb.vc_custom_1725299502823{margin-bottom: 50px !important;}\u00bb][icon_with_text element_tag=\u00bb\u00bb text_align=\u00bb\u00bb style=\u00bbstyle-02&#8243; icon_disable=\u00bbicon_disable_value\u00bb type=\u00bbfont-icons\u00bb icon_type=\u00bbpe7stroke\u00bb title=\u00bbOFRECEMOS\u00bb text=\u00bba nuestros clientes una amplia gama de servicios jur\u00eddicos.\u00bb button_link=\u00bburl:http%3A%2F%2Fmirest.com%2Fareas-de-practica|title:%C3%81REAS%20DE%20PR%C3%81CTICA|target:%20_blank|\u00bb custom_class=\u00bbwow fadeInUp\u00bb][icon_with_text element_tag=\u00bb\u00bb text_align=\u00bb\u00bb style=\u00bbstyle-02&#8243; icon_disable=\u00bbicon_disable_value\u00bb type=\u00bbfont-icons\u00bb icon_type=\u00bbpe7stroke\u00bb title=\u00bbASESORAMOS\u00bb text=\u00bbempresas nacionales y multinacionales con operaciones de car\u00e1cter dom\u00e9stico y alrededor del mundo.\u00bb button_link=\u00bburl:http%3A%2F%2Fmirest.com%2Fperfil|title:PERFIL|target:%20_blank|\u00bb custom_class=\u00bbwow fadeInUp\u00bb][\/vc_column][vc_column width=\u00bb1\/2&#8243;][vc_single_image image=\u00bb3488&#8243; img_size=\u00bbfull\u00bb el_class=\u00bbwow fadeInUp\u00bb][\/vc_column][\/vc_row][vc_row full_width=\u00bbstretch_row\u00bb content_placement=\u00bbbottom\u00bb el_class=\u00bbpadding-x-200-lg mmb-30&#8243;][vc_column width=\u00bb1\/2&#8243; css=\u00bb.vc_custom_1725299263912{padding-top: 250px !important;}\u00bb][vc_single_image image=\u00bb3659&#8243; img_size=\u00bbfull\u00bb el_class=\u00bbwow fadeInUp\u00bb css=\u00bb.vc_custom_1725299381892{margin-left: -200px !important;}\u00bb][\/vc_column][vc_column width=\u00bb1\/2&#8243; el_class=\u00bbov-special-01 mp-30&#8243; css=\u00bb.vc_custom_1725299302187{padding-right: 50px !important;padding-bottom: 200px !important;}\u00bb][vc_custom_heading text=\u00bbA trav\u00e9s del tiempo en `{`tm_dione_color cl=\u00abndColor\u00ab`}` Miranda &amp; Estavillo`{`\/tm_dione_color`}`\u00bb font_container=\u00bbtag:h2|text_align:left|line_height:1.1em\u00bb use_theme_fonts=\u00bbyes\u00bb el_class=\u00bbwow fadeInUp\u00bb][vc_custom_heading text=\u00bbNos hemos dedicado a ampliar nuestro ejercicio profesional que comprende: asuntos corporativos, laborales, fiscales, propiedad industrial, derechos de autor, migraci\u00f3n y otras materias.\u00bb font_container=\u00bbtag:p|text_align:left\u00bb use_theme_fonts=\u00bbyes\u00bb el_class=\u00bbwow fadeInUp\u00bb][button type=\u00bb\u00bb button_link=\u00bburl:http%3A%2F%2Fmirest.com%2Fareas-de-practica|title:LEER%20M%C3%81S|target:%20_blank|\u00bb el_class=\u00bbwow fadeInUp\u00bb][\/vc_column][\/vc_row][vc_row full_width=\u00bbstretch_row\u00bb bg_type=\u00bbimage\u00bb bg_img_attach=\u00bbfixed\u00bb enable_overlay=\u00bbenable_overlay_value\u00bb overlay_style=\u00bbcustom_solid_color\u00bb overlay_color=\u00bb#004378&#8243; css=\u00bb.vc_custom_1725299617299{padding-top: 100px !important;padding-bottom: 100px !important;}\u00bb][vc_column][vc_custom_heading text=\u00bbAgradecemos a todos nuestros clientes la confianza y oportunidad<br \/>\nde servirlos con la pasi\u00f3n que el ejercicio del derecho nos impulsa.\u00bb font_container=\u00bbtag:h1|text_align:center|color:%23ffffff\u00bb use_theme_fonts=\u00bbyes\u00bb el_class=\u00bbwow fadeInUp\u00bb][\/vc_column][\/vc_row][vc_row full_width=\u00bbstretch_row\u00bb bg_type=\u00bbbg_color\u00bb bg_solid_color=\u00bb#ededed\u00bb][vc_column width=\u00bb1\/4&#8243;][\/vc_column][vc_column width=\u00bb1\/2&#8243;][vc_empty_space height=\u00bb30px\u00bb][svg svg_icon=\u00bbsvg01&#8243; color=\u00bb#63859b\u00bb custom_class=\u00bbwow fadeInUp\u00bb][vc_empty_space height=\u00bb30px\u00bb][vc_custom_heading text=\u00bb\u00daltimas noticias\u00bb font_container=\u00bbtag:h2|text_align:center\u00bb use_theme_fonts=\u00bbyes\u00bb el_class=\u00bbwow fadeInUp\u00bb][vc_empty_space height=\u00bb30px\u00bb][vc_posts_slider count=\u00bb6&#8243; interval=\u00bb3&#8243; slides_content=\u00bbteaser\u00bb orderby=\u00bbdate\u00bb posttypes=\u00bbpost\u00bb categories=\u00bbnoticias\u00bb][\/vc_column][vc_column width=\u00bb1\/4&#8243;][\/vc_column][\/vc_row][vc_row full_width=\u00bbstretch_row\u00bb bg_type=\u00bbbg_color\u00bb bg_solid_color=\u00bb#000000&#8243; css=\u00bb.vc_custom_1725299877608{margin-bottom: 0px !important;}\u00bb][vc_column width=\u00bb1\/4&#8243;][\/vc_column][vc_column el_class=\u00bbwow fadeInUp\u00bb offset=\u00bbvc_col-lg-offset-2 vc_col-lg-8 vc_col-md-offset-0 vc_col-md-12&#8243; css=\u00bb.vc_custom_1725299903924{margin-top: 100px !important;margin-bottom: 50px !important;}\u00bb][svg svg_icon=\u00bbsvg01&#8243; color=\u00bb#63859b\u00bb][vc_custom_heading text=\u00bbNos encontramos ubicados al poniente de la Ciudad de M\u00e9xico\u00bb font_container=\u00bbtag:h5|text_align:center|color:%23efefef\u00bb use_theme_fonts=\u00bbyes\u00bb][button display=\u00bbblock\u00bb align=\u00bbcenter\u00bb type=\u00bb\u00bb style=\u00bbbtn-bg-white-color\u00bb button_link=\u00bburl:http%3A%2F%2Fmirest.com%2Fpages%2Fcontacto|title:B%C3%9ASCANOS%20EN%20EL%20MAPA||\u00bb][vc_empty_space height=\u00bb50px\u00bb][\/vc_column][\/vc_row][vc_row full_width=\u00bbstretch_row\u00bb equal_height=\u00bbyes\u00bb bg_type=\u00bbimage\u00bb bg_image_new=\u00bb3176&#8243; bg_image_repeat=\u00bbno-repeat\u00bb enable_overlay=\u00bbenable_overlay_value\u00bb overlay_style=\u00bbcustom_solid_color\u00bb overlay_color=\u00bb#111111&#8243; overlay_opacity=\u00bb70&#8243; css=\u00bb.vc_custom_1725300030218{margin-bottom: 0px !important;padding-top: 60px !important;padding-bottom: 60px !important;}\u00bb][vc_column width=\u00bb1\/6&#8243;][\/vc_column][vc_column width=\u00bb2\/3&#8243; el_class=\u00bbwow fadeInUp\u00bb][vc_custom_heading text=\u00bbAsesoramos a empresas nacionales y multinacionales con operaciones en todo el mundo.\u00bb font_container=\u00bbtag:h2|text_align:center|color:%23ffffff\u00bb use_theme_fonts=\u00bbyes\u00bb el_class=\u00bbrelative-index-9 wow fadeInUp\u00bb][\/vc_column][vc_column width=\u00bb1\/6&#8243;][\/vc_column][\/vc_row][vc_row full_width=\u00bbstretch_row\u00bb css=\u00bb.vc_custom_1725300128333{margin-bottom: 0px !important;}\u00bb][vc_column width=\u00bb1\/6&#8243;][\/vc_column][vc_column width=\u00bb2\/3&#8243; el_class=\u00bbwow fadeInUp\u00bb css=\u00bb.vc_custom_1725300149141{margin-top: 100px !important;margin-bottom: 50px !important;}\u00bb][svg svg_icon=\u00bbsvg01&#8243;][vc_custom_heading text=\u00bb\u00c1reas de pr\u00e1ctica\u00bb font_container=\u00bbtag:h2|text_align:center\u00bb use_theme_fonts=\u00bbyes\u00bb el_class=\u00bbrelative-index-9 wow fadeInUp\u00bb css=\u00bb.vc_custom_1725300272760{margin-top: 50px !important;margin-bottom: 30px !important;}\u00bb][vc_empty_space height=\u00bb20px\u00bb][\/vc_column][vc_column width=\u00bb1\/6&#8243;][\/vc_column][\/vc_row][vc_row][vc_column][carousel slides_per_row=\u00bb4&#8243; show_desc=\u00bbenable_show_desc\u00bb text_align=\u00bbcenter\u00bb show_nav=\u00bbenable_show_nav\u00bb nav_style=\u00bbnav-style-1&#8243; images=\u00bb3427,3926,3438,4332,3448,3778,3443,3457,3542,3453,3592,3586,4328,4325,3459,3555,3565,4361&#8243; img_size=\u00bb500&#215;500&#8243;][\/vc_column][\/vc_row][vc_row full_width=\u00bbstretch_row\u00bb bg_type=\u00bbbg_color\u00bb bg_solid_color=\u00bb#ededed\u00bb][vc_column el_class=\u00bbwow fadeInUp\u00bb offset=\u00bbvc_col-lg-offset-2 vc_col-lg-8 vc_col-md-offset-0 vc_col-md-12&#8243;][vc_empty_space height=\u00bb80px\u00bb][svg svg_icon=\u00bbsvg01&#8243;][vc_custom_heading text=\u00bbTenemos alianzas con otras firmas y colaboradores profesionales, lo cual nos permite realizar operaciones diversas y atender clientes alrededor del mundo.\u00bb font_container=\u00bbtag:h5|text_align:center\u00bb use_theme_fonts=\u00bbyes\u00bb css=\u00bb.vc_custom_1725300463541{margin-top: 50px !important;margin-bottom: 30px !important;}\u00bb][button display=\u00bbblock\u00bb align=\u00bbcenter\u00bb type=\u00bb\u00bb style=\u00bbbtn-bg-black-color\u00bb button_link=\u00bburl:http%3A%2F%2Fmirest.com%2Fshortcodes%2Fafiliaciones|title:LEER%20M%C3%81S||\u00bb][vc_empty_space height=\u00bb80px\u00bb][\/vc_column][\/vc_row][vc_row full_width=\u00bbstretch_row_content_no_spaces\u00bb equal_height=\u00bbyes\u00bb content_placement=\u00bbmiddle\u00bb][vc_column width=\u00bb1\/2&#8243; bg_type=\u00bbimage\u00bb enable_overlay=\u00bbenable_overlay_value\u00bb overlay_style=\u00bbcustom_solid_color\u00bb overlay_color=\u00bb#000000&#8243; overlay_opacity=\u00bb70&#8243; el_class=\u00bbwow fadeInLeft\u00bb css=\u00bb.vc_custom_1725300321904{padding-top: 100px !important;padding-right: 100px !important;padding-bottom: 100px !important;padding-left: 100px !important;}\u00bb][vc_custom_heading text=\u00bbEstamos a tus \u00f3rdenes\u00bb font_container=\u00bbtag:h2|text_align:left|line_height:1.1em\u00bb use_theme_fonts=\u00bbyes\u00bb css=\u00bb.vc_custom_1725300370645{margin-bottom: 50px !important;}\u00bb][vc_custom_heading text=\u00bbSi desea asesor\u00eda legal o informaci\u00f3n adicional, ponemos a su alcance<br \/>\nnuestros datos de contacto.\u00bb font_container=\u00bbtag:p|text_align:center|color:%23e5e5e5|line_height:2.1em\u00bb use_theme_fonts=\u00bbyes\u00bb css=\u00bb.vc_custom_1725300486243{margin-bottom: 50px !important;}\u00bb][button display=\u00bbblock\u00bb align=\u00bbcenter\u00bb type=\u00bb\u00bb style=\u00bbbtn-border-white\u00bb button_link=\u00bburl:http%3A%2F%2Fmirest.com%2Fpages%2Fcontacto%2F|title:P%C3%B3ngase%20en%20contacto%20con%20nosotros||\u00bb][\/vc_column][vc_column width=\u00bb1\/2&#8243; bg_type=\u00bbbg_color\u00bb enable_overlay=\u00bbenable_overlay_value\u00bb overlay_style=\u00bbprimary_gradient\u00bb overlay_opacity=\u00bb100&#8243; el_class=\u00bbwow fadeInRight\u00bb]\n<div class=\"wpcf7 no-js\" id=\"wpcf7-f3617-o1\" lang=\"es-ES\" dir=\"ltr\">\n<div class=\"screen-reader-response\"><p role=\"status\" aria-live=\"polite\" aria-atomic=\"true\"><\/p> <ul><\/ul><\/div>\n<form action=\"\/es\/wp-json\/wp\/v2\/pages\/5137#wpcf7-f3617-o1\" method=\"post\" class=\"wpcf7-form init\" aria-label=\"Formulario de contacto\" novalidate=\"novalidate\" data-status=\"init\">\n<div style=\"display: none;\">\n<input type=\"hidden\" name=\"_wpcf7\" value=\"3617\" \/>\n<input type=\"hidden\" name=\"_wpcf7_version\" value=\"5.9.8\" \/>\n<input type=\"hidden\" name=\"_wpcf7_locale\" value=\"es_ES\" \/>\n<input type=\"hidden\" name=\"_wpcf7_unit_tag\" value=\"wpcf7-f3617-o1\" \/>\n<input type=\"hidden\" name=\"_wpcf7_container_post\" value=\"0\" \/>\n<input type=\"hidden\" name=\"_wpcf7_posted_data_hash\" value=\"\" \/>\n<input type=\"hidden\" name=\"_wpcf7_recaptcha_response\" value=\"\" \/>\n<\/div>\n<center>\n\t<h2>Bolsa de trabajo\n\t<\/h2>\n\t<h4>\u00bfQuieres formar parte de M&E?\n\t<\/h4>\n\t<h6>M\u00e1ndanos tu CV y tus datos al correo electr\u00f3nico mirest@mirest.com,<br \/>\no d\u00e9janos tu informaci\u00f3n de contacto\n\t<\/h6>\n\t<p><label><br \/>\n<span class=\"wpcf7-form-control-wrap\" data-name=\"your-email\"><input size=\"40\" maxlength=\"400\" class=\"wpcf7-form-control wpcf7-email wpcf7-validates-as-required wpcf7-text wpcf7-validates-as-email\" aria-required=\"true\" aria-invalid=\"false\" placeholder=\"Tu correo electr\u00f3nico\" value=\"\" type=\"email\" name=\"your-email\" \/><\/span><br \/>\n<\/label><label><br \/>\n<span class=\"wpcf7-form-control-wrap\" data-name=\"textoo\"><input size=\"40\" maxlength=\"400\" class=\"wpcf7-form-control wpcf7-text wpcf7-validates-as-required\" aria-required=\"true\" aria-invalid=\"false\" placeholder=\"Asunto\" value=\"\" type=\"text\" name=\"textoo\" \/><\/span><br \/>\n<\/label>\n\t<\/p>\n\t<p><input class=\"wpcf7-form-control wpcf7-submit has-spinner btn btn-medium btn-bg-primary-color\" type=\"submit\" value=\"Enviar\" \/>\n\t<\/p>\n<\/center><div class=\"wpcf7-response-output\" aria-hidden=\"true\"><\/div>\n<\/form>\n<\/div>\n[\/vc_column][\/vc_row]<\/p>","protected":false},"excerpt":{"rendered":"<p>[vc_row full_width=\u00bbstretch_row_content\u00bb seperator_enable=\u00bbseperator_enable_value\u00bb seperator_type=\u00bbxlarge_triangle_seperator\u00bb seperator_position=\u00bbbottom_seperator\u00bb seperator_svg_height=\u00bb100&#8243; seperator_svg_bottom=\u00bb-30px\u00bb][vc_column][rev_slider_vc alias=\u00bb18-ultimo-slider-esp\u00bb][\/vc_column][\/vc_row][vc_row full_width=\u00bbstretch_row_content_no_spaces\u00bb bg_type=\u00bbbg_color\u00bb bg_solid_color=\u00bb#ededed\u00bb][vc_column el_class=\u00bbwow fadeInUp\u00bb offset=\u00bbvc_col-lg-offset-2 vc_col-lg-8 vc_col-md-offset-0 vc_col-md-12&#8243;][vc_empty_space height=\u00bb80px\u00bb][svg svg_icon=\u00bbsvg01&#8243;][vc_empty_space height=\u00bb50px\u00bb][vc_custom_heading text=\u00bbCELEBRAMOS NUESTRO 50 ANIVERSARIO Estamos muy orgullosos y satisfechos de celebrar 50 A\u00d1OS de ofrecer a nuestros clientes y amigos servicios de alta calidad profesional y atenci\u00f3n comprometida y personalizada. Es ocasi\u00f3n propicia para rendir [&hellip;]<\/p>\n","protected":false},"author":11,"featured_media":0,"parent":0,"menu_order":0,"comment_status":"closed","ping_status":"closed","template":"","meta":{"footnotes":""},"class_list":["post-5137","page","type-page","status-publish","hentry"],"_links":{"self":[{"href":"https:\/\/www.mirest.com\/es\/wp-json\/wp\/v2\/pages\/5137"}],"collection":[{"href":"https:\/\/www.mirest.com\/es\/wp-json\/wp\/v2\/pages"}],"about":[{"href":"https:\/\/www.mirest.com\/es\/wp-json\/wp\/v2\/types\/page"}],"author":[{"embeddable":true,"href":"https:\/\/www.mirest.com\/es\/wp-json\/wp\/v2\/users\/11"}],"replies":[{"embeddable":true,"href":"https:\/\/www.mirest.com\/es\/wp-json\/wp\/v2\/comments?post=5137"}],"version-history":[{"count":72,"href":"https:\/\/www.mirest.com\/es\/wp-json\/wp\/v2\/pages\/5137\/revisions"}],"predecessor-version":[{"id":5220,"href":"https:\/\/www.mirest.com\/es\/wp-json\/wp\/v2\/pages\/5137\/revisions\/5220"}],"wp:attachment":[{"href":"https:\/\/www.mirest.com\/es\/wp-json\/wp\/v2\/media?parent=5137"}],"curies":[{"name":"wp","href":"https:\/\/api.w.org\/{rel}","templated":true}]}}